{"id":1001,"date":"2025-04-11T23:36:45","date_gmt":"2025-04-12T03:36:45","guid":{"rendered":"https:\/\/dcmgmt.ca\/?page_id=1001"},"modified":"2026-02-28T23:28:44","modified_gmt":"2026-03-01T04:28:44","slug":"case-studies","status":"publish","type":"page","link":"https:\/\/dcmgmt.ca\/en\/etudes-de-cas\/","title":{"rendered":"Case studies"},"content":{"rendered":"<div class=\"et_pb_section_0 et_pb_section et_pb_fullwidth_section et_section_regular et_block_section et_pb_section_parallax\"><span class=\"et-pb-parallax-wrapper\"><span class=\"et-pb-parallax-background et-pb-parallax-background-module--divi-section-0\" style=\"background-image:url(https:\/\/dcmgmt.ca\/wp-content\/uploads\/2020\/01\/business-12.jpg)\"><\/span><\/span><section class=\"et_pb_fullwidth_header_0 et_pb_fullwidth_header et_pb_bg_layout_dark et_pb_text_align_center et_animated et_pb_module et_flex_module preset--module--divi-fullwidth-header--default\"><div class=\"et_pb_fullwidth_header_container center\"><div class=\"header-content-container center\"><div class=\"header-content et_flex_module\"><h1 class=\"et_pb_module_header\">Case studies<\/h1><div class=\"et_pb_header_button_wrapper\"><\/div><\/div><\/div><\/div><div class=\"et_pb_fullwidth_header_overlay\"><\/div><div class=\"et_pb_fullwidth_header_scroll\"><\/div><\/section><\/div><div class=\"et_pb_section_1 et_pb_section et_section_regular et_block_section\"><div class=\"et_pb_row_0 et_pb_row et_block_row\"><div class=\"et_pb_column_0 et_pb_column et_pb_column_4_4 et-last-child et_block_column et_pb_css_mix_blend_mode_passthrough\"><div class=\"et_pb_divider_0 et_pb_divider et_pb_space et_pb_divider_position_top et_animated et_pb_module\"><div class=\"et_pb_divider_internal\"><\/div><\/div><div class=\"et_pb_text_0 et_pb_text et_pb_bg_layout_light et_animated et_pb_module et_block_module et_pb_text_align_center\"><div class=\"et_pb_text_inner\"><h1>Where words end,<br \/>the results speak for themselves<\/h1>\n<\/div><\/div><div class=\"et_pb_text_1 et_pb_text et_pb_bg_layout_light et_animated et_pb_module et_block_module et_pb_text_align_center\"><div class=\"et_pb_text_inner\"><p data-start=\"106\" data-end=\"321\" class=\"\">A complex context, high expectations, and sometimes even a seemingly irreversible situation. And above all: people, decisions, and a turning point to be made.<\/p>\n<p data-start=\"323\" data-end=\"571\" class=\"\">In this section, I present some anonymized case studies, where the impact of my interventions has resulted in concrete results: projects rectified, structures consolidated, governance clarified, technologies integrated with meaning.<\/p>\n<p data-start=\"573\" data-end=\"710\" class=\"\">Each case study is a living testament to what we can accomplish, together, when clarity becomes the driver of action.<\/p>\n<p data-start=\"657\" data-end=\"925\" class=\"\">\n<\/div><\/div><\/div><\/div><div class=\"et_pb_row_1 et_pb_row et_block_row\"><div class=\"et_pb_column_1 et_pb_column et_pb_column_4_4 et-last-child et_block_column et_pb_css_mix_blend_mode_passthrough\"><div class=\"et_pb_blog_0 et_pb_blog et_pb_bg_layout_light et_pb_text_align_left et_pb_posts et_animated et_pb_module\"><div class=\"et_pb_ajax_pagination_container\"><div class=\"et_pb_posts et_grid_module\"><article class=\"et_pb_post et_pb_post_id_1050 clearfix et_pb_blog_item_0_0 post-1050 post type-post status-publish format-standard has-post-thumbnail hentry category-categorie\"><div class=\"et_pb_image_container\"><a href=\"https:\/\/dcmgmt.ca\/en\/blog\/maturite-accrue-en-gestion-des-actifs-immobiliers\/\" class=\"entry-featured-image-url\"><img loading=\"lazy\" decoding=\"async\" src=\"https:\/\/dcmgmt.ca\/wp-content\/uploads\/2025\/04\/pexels-photo-1642125.jpeg\" width=\"400\" height=\"284\" alt=\"Increased maturity in real estate asset management\" class=\"\" srcset=\"https:\/\/dcmgmt.ca\/wp-content\/uploads\/2025\/04\/pexels-photo-1642125.jpeg 479w, https:\/\/dcmgmt.ca\/wp-content\/uploads\/2025\/04\/pexels-photo-1642125-400x284.jpeg 480w\" sizes=\"(max-width:479px) 479px, 100vw\" \/><span data-icon=\"\ue050\" class=\"et_overlay et_pb_inline_icon\"><\/span><\/a><\/div><h2 class=\"entry-title\"><a href=\"https:\/\/dcmgmt.ca\/en\/blog\/maturite-accrue-en-gestion-des-actifs-immobiliers\/\">Increased maturity in real estate asset management<\/a><\/h2><p class=\"post-meta\"><\/p><div class=\"post-content\"><div class=\"post-content-inner\"><p>Contexte Dans une volont\u00e9 affirm\u00e9e de devenir un chef de file gouvernemental en gestion immobili\u00e8re, une soci\u00e9t\u00e9 d\u2019\u00c9tat entreprend un programme&#8230;<\/p>\n<\/div><a href=\"https:\/\/dcmgmt.ca\/en\/blog\/maturite-accrue-en-gestion-des-actifs-immobiliers\/\" class=\"more-link\">read more&#8230;<\/a><\/div><\/article><article class=\"et_pb_post et_pb_post_id_1043 clearfix et_pb_blog_item_0_1 post-1043 post type-post status-publish format-standard has-post-thumbnail hentry category-categorie\"><div class=\"et_pb_image_container\"><a href=\"https:\/\/dcmgmt.ca\/en\/blog\/creation-dun-bureau-de-projet-immobilier\/\" class=\"entry-featured-image-url\"><img loading=\"lazy\" decoding=\"async\" src=\"https:\/\/dcmgmt.ca\/wp-content\/uploads\/2025\/04\/pexels-photo-313691.jpeg\" width=\"400\" height=\"284\" alt=\"Creation of a real estate project office\" class=\"\" srcset=\"https:\/\/dcmgmt.ca\/wp-content\/uploads\/2025\/04\/pexels-photo-313691.jpeg 479w, https:\/\/dcmgmt.ca\/wp-content\/uploads\/2025\/04\/pexels-photo-313691-400x284.jpeg 480w\" sizes=\"(max-width:479px) 479px, 100vw\" \/><span data-icon=\"\ue050\" class=\"et_overlay et_pb_inline_icon\"><\/span><\/a><\/div><h2 class=\"entry-title\"><a href=\"https:\/\/dcmgmt.ca\/en\/blog\/creation-dun-bureau-de-projet-immobilier\/\">Creation of a real estate project office<\/a><\/h2><p class=\"post-meta\"><\/p><div class=\"post-content\"><div class=\"post-content-inner\"><p>Contexte Un important groupe \u0153uvrant dans le secteur de la construction immobili\u00e8re, et poss\u00e9dant plusieurs filiales, souhaitait structurer ses&#8230;<\/p>\n<\/div><a href=\"https:\/\/dcmgmt.ca\/en\/blog\/creation-dun-bureau-de-projet-immobilier\/\" class=\"more-link\">read more&#8230;<\/a><\/div><\/article><article class=\"et_pb_post et_pb_post_id_1035 clearfix et_pb_blog_item_0_2 post-1035 post type-post status-publish format-standard has-post-thumbnail hentry category-categorie\"><div class=\"et_pb_image_container\"><a href=\"https:\/\/dcmgmt.ca\/en\/blog\/relance-dun-programme-de-modernisation-judiciaire\/\" class=\"entry-featured-image-url\"><img loading=\"lazy\" decoding=\"async\" src=\"https:\/\/dcmgmt.ca\/wp-content\/uploads\/2025\/04\/pexels-photo-6077447.webp\" width=\"400\" height=\"284\" alt=\"Relaunch of a judicial modernization program\" class=\"\" srcset=\"https:\/\/dcmgmt.ca\/wp-content\/uploads\/2025\/04\/pexels-photo-6077447.webp 479w, https:\/\/dcmgmt.ca\/wp-content\/uploads\/2025\/04\/pexels-photo-6077447-400x284.webp 480w\" sizes=\"(max-width:479px) 479px, 100vw\" \/><span data-icon=\"\ue050\" class=\"et_overlay et_pb_inline_icon\"><\/span><\/a><\/div><h2 class=\"entry-title\"><a href=\"https:\/\/dcmgmt.ca\/en\/blog\/relance-dun-programme-de-modernisation-judiciaire\/\">Relaunch of a judicial modernization program<\/a><\/h2><p class=\"post-meta\"><\/p><div class=\"post-content\"><div class=\"post-content-inner\"><p>Contexte Un programme de modernisation d\u2019\u00e9quipements technologiques et de r\u00e9am\u00e9nagement de salles d\u2019audiences a \u00e9t\u00e9 mis en place afin d\u2019am\u00e9liorer le&#8230;<\/p>\n<\/div><a href=\"https:\/\/dcmgmt.ca\/en\/blog\/relance-dun-programme-de-modernisation-judiciaire\/\" class=\"more-link\">read more&#8230;<\/a><\/div><\/article><article class=\"et_pb_post et_pb_post_id_1008 clearfix et_pb_blog_item_0_3 post-1008 post type-post status-publish format-standard has-post-thumbnail hentry category-categorie\"><div class=\"et_pb_image_container\"><a href=\"https:\/\/dcmgmt.ca\/en\/blog\/methodologie-agile-pour-le-portefeuille-de-projets\/\" class=\"entry-featured-image-url\"><img loading=\"lazy\" decoding=\"async\" src=\"https:\/\/dcmgmt.ca\/wp-content\/uploads\/2025\/04\/pexels-photo-3183186.webp\" width=\"400\" height=\"284\" alt=\"Agile methodology for the project portfolio\" class=\"\" srcset=\"https:\/\/dcmgmt.ca\/wp-content\/uploads\/2025\/04\/pexels-photo-3183186.webp 479w, https:\/\/dcmgmt.ca\/wp-content\/uploads\/2025\/04\/pexels-photo-3183186-400x284.webp 480w\" sizes=\"(max-width:479px) 479px, 100vw\" \/><span data-icon=\"\ue050\" class=\"et_overlay et_pb_inline_icon\"><\/span><\/a><\/div><h2 class=\"entry-title\"><a href=\"https:\/\/dcmgmt.ca\/en\/blog\/methodologie-agile-pour-le-portefeuille-de-projets\/\">Agile methodology for the project portfolio<\/a><\/h2><p class=\"post-meta\"><\/p><div class=\"post-content\"><div class=\"post-content-inner\"><p>Contexte Une grande entreprise du secteur financier a entrepris une transformation organisationnelle afin d\u2019am\u00e9liorer la gestion de son portefeuille&#8230;<\/p>\n<\/div><a href=\"https:\/\/dcmgmt.ca\/en\/blog\/methodologie-agile-pour-le-portefeuille-de-projets\/\" class=\"more-link\">read more&#8230;<\/a><\/div><\/article><\/div><div class=\"pagination clearfix\">\n\t<div class=\"alignleft\"><\/div>\n\t<div class=\"alignright\"><\/div>\n<\/div><\/div><\/div><\/div><\/div><\/div>","protected":false},"excerpt":{"rendered":"","protected":false},"author":3,"featured_media":0,"parent":0,"menu_order":0,"comment_status":"closed","ping_status":"closed","template":"","meta":{"footnotes":""},"class_list":["post-1001","page","type-page","status-publish","hentry"],"yoast_head":"<!-- This site is optimized with the Yoast SEO plugin v27.5 - https:\/\/yoast.com\/product\/yoast-seo-wordpress\/ -->\n<title>\u00c9tudes de cas - DC Management<\/title>\n<meta name=\"description\" content=\"DC Management a transform\u00e9 des projets complexes en r\u00e9ussites concr\u00e8tes. Redressement, transformation num\u00e9rique et gouvernance.\" \/>\n<meta name=\"robots\" content=\"index, follow, max-snippet:-1, max-image-preview:large, max-video-preview:-1\" \/>\n<link rel=\"canonical\" href=\"https:\/\/dcmgmt.ca\/en\/case-studies\/\" \/>\n<meta property=\"og:locale\" content=\"en_US\" \/>\n<meta property=\"og:type\" content=\"article\" \/>\n<meta property=\"og:title\" content=\"\u00c9tudes de cas - DC Management\" \/>\n<meta property=\"og:description\" content=\"DC Management a transform\u00e9 des projets complexes en r\u00e9ussites concr\u00e8tes. Redressement, transformation num\u00e9rique et gouvernance.\" \/>\n<meta property=\"og:url\" content=\"https:\/\/dcmgmt.ca\/en\/case-studies\/\" \/>\n<meta property=\"og:site_name\" content=\"DC Management\" \/>\n<meta property=\"article:modified_time\" content=\"2026-03-01T04:28:44+00:00\" \/>\n<meta name=\"twitter:card\" content=\"summary_large_image\" \/>\n<meta name=\"twitter:label1\" content=\"Est. reading time\" \/>\n\t<meta name=\"twitter:data1\" content=\"2 minutes\" \/>\n<script type=\"application\/ld+json\" class=\"yoast-schema-graph\">{\"@context\":\"https:\\\/\\\/schema.org\",\"@graph\":[{\"@type\":\"WebPage\",\"@id\":\"https:\\\/\\\/dcmgmt.ca\\\/etudes-de-cas\\\/\",\"url\":\"https:\\\/\\\/dcmgmt.ca\\\/etudes-de-cas\\\/\",\"name\":\"\u00c9tudes de cas - DC Management\",\"isPartOf\":{\"@id\":\"https:\\\/\\\/dcmgmt.ca\\\/#website\"},\"datePublished\":\"2025-04-12T03:36:45+00:00\",\"dateModified\":\"2026-03-01T04:28:44+00:00\",\"description\":\"DC Management a transform\u00e9 des projets complexes en r\u00e9ussites concr\u00e8tes. Redressement, transformation num\u00e9rique et gouvernance.\",\"breadcrumb\":{\"@id\":\"https:\\\/\\\/dcmgmt.ca\\\/etudes-de-cas\\\/#breadcrumb\"},\"inLanguage\":\"en-CA\",\"potentialAction\":[{\"@type\":\"ReadAction\",\"target\":[\"https:\\\/\\\/dcmgmt.ca\\\/etudes-de-cas\\\/\"]}]},{\"@type\":\"BreadcrumbList\",\"@id\":\"https:\\\/\\\/dcmgmt.ca\\\/etudes-de-cas\\\/#breadcrumb\",\"itemListElement\":[{\"@type\":\"ListItem\",\"position\":1,\"name\":\"Accueil\",\"item\":\"https:\\\/\\\/dcmgmt.ca\\\/\"},{\"@type\":\"ListItem\",\"position\":2,\"name\":\"\u00c9tudes de cas\"}]},{\"@type\":\"WebSite\",\"@id\":\"https:\\\/\\\/dcmgmt.ca\\\/#website\",\"url\":\"https:\\\/\\\/dcmgmt.ca\\\/\",\"name\":\"DC Management\",\"description\":\"Transformer vos fa\u00e7ons de faire - Acc\u00e9l\u00e9rer vos r\u00e9sultats\",\"potentialAction\":[{\"@type\":\"SearchAction\",\"target\":{\"@type\":\"EntryPoint\",\"urlTemplate\":\"https:\\\/\\\/dcmgmt.ca\\\/?s={search_term_string}\"},\"query-input\":{\"@type\":\"PropertyValueSpecification\",\"valueRequired\":true,\"valueName\":\"search_term_string\"}}],\"inLanguage\":\"en-CA\"}]}<\/script>\n<!-- \/ Yoast SEO plugin. -->","yoast_head_json":{"title":"Case Studies - DC Management","description":"DC Management has transformed complex projects into concrete successes. Turnaround, digital transformation, and governance.","robots":{"index":"index","follow":"follow","max-snippet":"max-snippet:-1","max-image-preview":"max-image-preview:large","max-video-preview":"max-video-preview:-1"},"canonical":"https:\/\/dcmgmt.ca\/en\/case-studies\/","og_locale":"en_US","og_type":"article","og_title":"\u00c9tudes de cas - DC Management","og_description":"DC Management a transform\u00e9 des projets complexes en r\u00e9ussites concr\u00e8tes. Redressement, transformation num\u00e9rique et gouvernance.","og_url":"https:\/\/dcmgmt.ca\/en\/case-studies\/","og_site_name":"DC Management","article_modified_time":"2026-03-01T04:28:44+00:00","twitter_card":"summary_large_image","twitter_misc":{"Est. reading time":"2 minutes"},"schema":{"@context":"https:\/\/schema.org","@graph":[{"@type":"WebPage","@id":"https:\/\/dcmgmt.ca\/etudes-de-cas\/","url":"https:\/\/dcmgmt.ca\/etudes-de-cas\/","name":"Case Studies - DC Management","isPartOf":{"@id":"https:\/\/dcmgmt.ca\/#website"},"datePublished":"2025-04-12T03:36:45+00:00","dateModified":"2026-03-01T04:28:44+00:00","description":"DC Management has transformed complex projects into concrete successes. Turnaround, digital transformation, and governance.","breadcrumb":{"@id":"https:\/\/dcmgmt.ca\/etudes-de-cas\/#breadcrumb"},"inLanguage":"en-CA","potentialAction":[{"@type":"ReadAction","target":["https:\/\/dcmgmt.ca\/etudes-de-cas\/"]}]},{"@type":"BreadcrumbList","@id":"https:\/\/dcmgmt.ca\/etudes-de-cas\/#breadcrumb","itemListElement":[{"@type":"ListItem","position":1,"name":"Accueil","item":"https:\/\/dcmgmt.ca\/"},{"@type":"ListItem","position":2,"name":"\u00c9tudes de cas"}]},{"@type":"WebSite","@id":"https:\/\/dcmgmt.ca\/#website","url":"https:\/\/dcmgmt.ca\/","name":"DC-Management","description":"Transform your ways of doing things - Accelerate your results","potentialAction":[{"@type":"SearchAction","target":{"@type":"EntryPoint","urlTemplate":"https:\/\/dcmgmt.ca\/?s={search_term_string}"},"query-input":{"@type":"PropertyValueSpecification","valueRequired":true,"valueName":"search_term_string"}}],"inLanguage":"en-CA"}]}},"_links":{"self":[{"href":"https:\/\/dcmgmt.ca\/en\/wp-json\/wp\/v2\/pages\/1001","targetHints":{"allow":["GET"]}}],"collection":[{"href":"https:\/\/dcmgmt.ca\/en\/wp-json\/wp\/v2\/pages"}],"about":[{"href":"https:\/\/dcmgmt.ca\/en\/wp-json\/wp\/v2\/types\/page"}],"author":[{"embeddable":true,"href":"https:\/\/dcmgmt.ca\/en\/wp-json\/wp\/v2\/users\/3"}],"replies":[{"embeddable":true,"href":"https:\/\/dcmgmt.ca\/en\/wp-json\/wp\/v2\/comments?post=1001"}],"version-history":[{"count":13,"href":"https:\/\/dcmgmt.ca\/en\/wp-json\/wp\/v2\/pages\/1001\/revisions"}],"predecessor-version":[{"id":1241,"href":"https:\/\/dcmgmt.ca\/en\/wp-json\/wp\/v2\/pages\/1001\/revisions\/1241"}],"wp:attachment":[{"href":"https:\/\/dcmgmt.ca\/en\/wp-json\/wp\/v2\/media?parent=1001"}],"curies":[{"name":"wp","href":"https:\/\/api.w.org\/{rel}","templated":true}]}}