{"id":1096,"date":"2025-04-12T12:49:46","date_gmt":"2025-04-12T16:49:46","guid":{"rendered":"https:\/\/dcmgmt.ca\/?page_id=1096"},"modified":"2026-02-28T23:28:47","modified_gmt":"2026-03-01T04:28:47","slug":"strategic-incubator-for-visionary-leaders","status":"publish","type":"page","link":"https:\/\/dcmgmt.ca\/en\/incubateur-strategique-dirigeants-visionnaires\/","title":{"rendered":"Incubator"},"content":{"rendered":"<div class=\"et_pb_section_0 et_pb_section et_pb_fullwidth_section et_section_regular et_block_section et_pb_section_parallax\"><span class=\"et-pb-parallax-wrapper\"><span class=\"et-pb-parallax-background et-pb-parallax-background-module--divi-section-0\" style=\"background-image:url(https:\/\/dcmgmt.ca\/wp-content\/uploads\/2020\/01\/business-07.jpg)\"><\/span><\/span><section class=\"et_pb_fullwidth_header_0 et_pb_fullwidth_header et_pb_bg_layout_dark et_pb_text_align_center et_animated et_pb_module et_flex_module preset--module--divi-fullwidth-header--default\"><div class=\"et_pb_fullwidth_header_container center\"><div class=\"header-content-container center\"><div class=\"header-content et_flex_module\"><h1 class=\"et_pb_module_header\">Incubator<\/h1><div class=\"et_pb_header_button_wrapper\"><\/div><\/div><\/div><\/div><div class=\"et_pb_fullwidth_header_overlay\"><\/div><div class=\"et_pb_fullwidth_header_scroll\"><\/div><\/section><\/div><div class=\"et_pb_section_1 et_pb_section et_section_regular et_block_section\"><div class=\"et_pb_row_0 et_pb_row et_block_row\"><div class=\"et_pb_column_0 et_pb_column et_pb_column_2_5 et_block_column et_pb_css_mix_blend_mode_passthrough\"><div class=\"et_pb_text_0 et_pb_text et_pb_bg_layout_light et_pb_module et_block_module\"><div class=\"et_pb_text_inner\"><p><strong>Incubator<br \/><\/strong>of ideas.<br \/>Propellant of <strong>solutions<\/strong>.<\/p>\n<\/div><\/div><\/div><div class=\"et_pb_column_1 et_pb_column et_pb_column_3_5 et-last-child et_block_column et_pb_css_mix_blend_mode_passthrough\"><div class=\"et_pb_text_1 et_pb_text et_pb_bg_layout_light et_pb_module et_block_module\"><div class=\"et_pb_text_inner\"><p>At the house of <b>DC-Management<\/b>, innovation never stops.<br \/>OUR <b>Incubator<\/b> brings together services in development, designed to meet the <b>emerging issues<\/b> ambitious companies.<\/p>\n<p>These solutions are currently in the maturation, validation, or co-creation phase with our field partners. They may not yet be deployed, but they <b>already carry a clear promise<\/b> : helping you go further, faster, smarter.<\/p>\n<\/div><\/div><\/div><\/div><\/div><div class=\"et_pb_section_2 et_pb_section et_section_regular et_block_section\"><div class=\"et_pb_row_1 et_pb_row et_block_row\"><div class=\"et_pb_column_2 et_pb_column et_pb_column_4_4 et-last-child et_block_column et_pb_css_mix_blend_mode_passthrough\"><div class=\"et_pb_divider_0 et_pb_divider et_pb_space et_pb_divider_position_top et_animated et_pb_module\"><div class=\"et_pb_divider_internal\"><\/div><\/div><div class=\"et_pb_text_2 et_pb_text et_pb_bg_layout_light et_animated et_pb_module et_block_module et_pb_text_align_center\"><div class=\"et_pb_text_inner\"><h1>The future is under construction<\/h1>\n<\/div><\/div><div class=\"et_pb_text_3 et_pb_text et_pb_bg_layout_light et_animated et_pb_module et_block_module et_pb_text_align_center\"><div class=\"et_pb_text_inner\"><p><b>Digital transformation, advanced analytics, blockchain integration, new governance approaches\u2026<\/b><br \/>Here we prepare the tools to build it.<\/p>\n<p>\u00a0<b>Stay tuned.<br \/><\/b>What&#039;s cooking today will be your competitive advantage tomorrow.<\/p>\n<\/div><\/div><\/div><\/div><\/div><div class=\"et_pb_section_3 et_pb_section et_section_regular et_block_section et_animated\"><div class=\"et_pb_row_2 et_pb_row et_pb_equal_columns et_pb_gutters1 et_block_row et_pb_row_fullwidth\"><div class=\"et_pb_column_3 et_pb_column et_pb_column_1_2 et_block_column et_pb_css_mix_blend_mode_passthrough\"><div class=\"et_pb_image_0 et_pb_image et_pb_module et_block_module\"><span class=\"et_pb_image_wrap\"><img loading=\"lazy\" decoding=\"async\" src=\"https:\/\/dcmgmt.ca\/wp-content\/uploads\/2025\/04\/pexels-photo-6771740.webp\" width=\"1125\" height=\"750\" srcset=\"https:\/\/dcmgmt.ca\/wp-content\/uploads\/2025\/04\/pexels-photo-6771740.webp 1125w, https:\/\/dcmgmt.ca\/wp-content\/uploads\/2025\/04\/pexels-photo-6771740-980x653.webp 980w, https:\/\/dcmgmt.ca\/wp-content\/uploads\/2025\/04\/pexels-photo-6771740-480x320.webp 480w\" sizes=\"(min-width: 0px) and (max-width: 480px) 480px, (min-width: 481px) and (max-width: 980px) 980px, (min-width: 981px) 1125px, 100vw\" class=\"wp-image-1101\" title=\"pexels-photo-6771740\" \/><\/span><\/div><\/div><div class=\"et_pb_column_4 et_pb_column et_pb_column_1_2 et-last-child et_block_column et_pb_css_mix_blend_mode_passthrough\"><div class=\"et_pb_divider_1 et_pb_divider et_pb_space et_pb_divider_position_top et_animated et_pb_module\"><div class=\"et_pb_divider_internal\"><\/div><\/div><div class=\"et_pb_cta_0 et_pb_promo et_pb_bg_layout_light et_animated et_pb_module et_block_module\"><div class=\"et_pb_promo_description\"><h2 class=\"et_pb_module_header\">Blockchain (in development)<\/h2><div class=\"et_pb_promo_content\"><p>Blockchain technology is transforming the way organizations manage <b>traceability, trust and data integrity<\/b>.<\/p>\n<p>At DC Management, we are actively exploring the <b>concrete use cases<\/b> of blockchain in contexts such as:<\/p>\n<ul>\n<li>There <b>project management<\/b> (transparent tracking of steps, approvals and deliverables).<\/li>\n<li>There <b>construction<\/b> (chain of responsibility, contractual documents, certifications).<\/li>\n<li>L&#039;<b>real estate<\/b> (property titles, secure transactions, maintenance log).<\/li>\n<\/ul>\n<\/div><\/div><\/div><\/div><\/div><\/div><div class=\"et_pb_section_4 et_pb_section et_section_regular et_block_section\"><div class=\"et_pb_row_3 et_pb_row et_block_row\"><div class=\"et_pb_column_5 et_pb_column et_pb_column_4_4 et-last-child et_block_column et_pb_css_mix_blend_mode_passthrough\"><div class=\"et_pb_divider_2 et_pb_divider et_pb_space et_pb_divider_position_top et_animated et_pb_module\"><div class=\"et_pb_divider_internal\"><\/div><\/div><div class=\"et_pb_text_4 et_pb_text et_pb_bg_layout_light et_animated et_pb_module et_block_module et_pb_text_align_center\"><div class=\"et_pb_text_inner\"><h1>Our goal<\/h1>\n<\/div><\/div><div class=\"et_pb_text_5 et_pb_text et_pb_bg_layout_light et_animated et_pb_module et_block_module et_pb_text_align_center\"><div class=\"et_pb_text_inner\"><p><b>Making blockchain accessible and useful<\/b> for businesses that want to stay ahead of the curve\u2014without unnecessary complexity.<\/p>\n<\/div><\/div><\/div><\/div><\/div><div class=\"et_pb_section_5 et_pb_section et_section_regular et_block_section et_animated\"><div class=\"et_pb_row_4 et_pb_row et_block_row\"><div class=\"et_pb_column_6 et_pb_column et_pb_column_4_4 et-last-child et_block_column et_pb_css_mix_blend_mode_passthrough\"><div class=\"et_pb_divider_3 et_pb_divider et_pb_space et_pb_divider_position_top et_animated et_pb_module\"><div class=\"et_pb_divider_internal\"><\/div><\/div><div class=\"et_pb_text_6 et_pb_text et_pb_bg_layout_dark et_animated et_pb_module et_block_module et_pb_text_align_center\"><div class=\"et_pb_text_inner\"><h1><b>A pilot project is underway<\/b><\/h1>\n<\/div><\/div><div class=\"et_pb_text_7 et_pb_text et_pb_bg_layout_dark et_animated et_pb_module et_block_module et_pb_text_align_center\"><div class=\"et_pb_text_inner\"><p><b>Curious to know more? Let&#039;s talk.<\/b><\/p>\n<p><b>Do you see the potential of blockchain, but not yet know the path to get there?<\/b><br \/>Needs of <b>traceability<\/b>, <b>data integrity<\/b>, or of<b>intelligent automation<\/b>?<br \/>Describe your idea, your challenges or your sector: I will help you explore concrete avenues.<\/p>\n<\/div><\/div><div class=\"et_pb_cta_1 et_pb_promo et_pb_bg_layout_light et_animated et_pb_module et_block_module\"><div class=\"et_pb_promo_description et_multi_view_hidden\"><\/div><div class=\"et_pb_button_wrapper\"><a class=\"et_pb_button et_pb_promo_button\" href=\"https:\/\/dcmgmt.ca\/en\/contact\/\">Contact us<\/a><\/div><\/div><\/div><\/div><\/div>","protected":false},"excerpt":{"rendered":"","protected":false},"author":3,"featured_media":0,"parent":0,"menu_order":0,"comment_status":"closed","ping_status":"closed","template":"","meta":{"footnotes":""},"class_list":["post-1096","page","type-page","status-publish","hentry"],"yoast_head":"<!-- This site is optimized with the Yoast SEO plugin v27.6 - https:\/\/yoast.com\/product\/yoast-seo-wordpress\/ -->\n<title>Incubateur - DC Management<\/title>\n<meta name=\"description\" content=\"D\u00e9couvrez l\u2019incubateur sign\u00e9 DC Management : un espace d\u00e9sign\u00e9 pour pr\u00e9parer l&#039;avenir des entreprises d&#039;aujoud&#039;hui pour un impact durable.\" \/>\n<meta name=\"robots\" content=\"index, follow, max-snippet:-1, max-image-preview:large, max-video-preview:-1\" \/>\n<link rel=\"canonical\" href=\"https:\/\/dcmgmt.ca\/en\/strategic-incubator-for-visionary-leaders\/\" \/>\n<meta property=\"og:locale\" content=\"en_US\" \/>\n<meta property=\"og:type\" content=\"article\" \/>\n<meta property=\"og:title\" content=\"Incubateur - DC Management\" \/>\n<meta property=\"og:description\" content=\"D\u00e9couvrez l\u2019incubateur sign\u00e9 DC Management : un espace d\u00e9sign\u00e9 pour pr\u00e9parer l&#039;avenir des entreprises d&#039;aujoud&#039;hui pour un impact durable.\" \/>\n<meta property=\"og:url\" content=\"https:\/\/dcmgmt.ca\/en\/strategic-incubator-for-visionary-leaders\/\" \/>\n<meta property=\"og:site_name\" content=\"DC Management\" \/>\n<meta property=\"article:modified_time\" content=\"2026-03-01T04:28:47+00:00\" \/>\n<meta name=\"twitter:card\" content=\"summary_large_image\" \/>\n<meta name=\"twitter:label1\" content=\"Est. reading time\" \/>\n\t<meta name=\"twitter:data1\" content=\"2 minutes\" \/>\n<script type=\"application\/ld+json\" class=\"yoast-schema-graph\">{\"@context\":\"https:\\\/\\\/schema.org\",\"@graph\":[{\"@type\":\"WebPage\",\"@id\":\"https:\\\/\\\/dcmgmt.ca\\\/incubateur-strategique-dirigeants-visionnaires\\\/\",\"url\":\"https:\\\/\\\/dcmgmt.ca\\\/incubateur-strategique-dirigeants-visionnaires\\\/\",\"name\":\"Incubateur - DC Management\",\"isPartOf\":{\"@id\":\"https:\\\/\\\/dcmgmt.ca\\\/#website\"},\"datePublished\":\"2025-04-12T16:49:46+00:00\",\"dateModified\":\"2026-03-01T04:28:47+00:00\",\"description\":\"D\u00e9couvrez l\u2019incubateur sign\u00e9 DC Management : un espace d\u00e9sign\u00e9 pour pr\u00e9parer l'avenir des entreprises d'aujoud'hui pour un impact durable.\",\"breadcrumb\":{\"@id\":\"https:\\\/\\\/dcmgmt.ca\\\/incubateur-strategique-dirigeants-visionnaires\\\/#breadcrumb\"},\"inLanguage\":\"en-CA\",\"potentialAction\":[{\"@type\":\"ReadAction\",\"target\":[\"https:\\\/\\\/dcmgmt.ca\\\/incubateur-strategique-dirigeants-visionnaires\\\/\"]}]},{\"@type\":\"BreadcrumbList\",\"@id\":\"https:\\\/\\\/dcmgmt.ca\\\/incubateur-strategique-dirigeants-visionnaires\\\/#breadcrumb\",\"itemListElement\":[{\"@type\":\"ListItem\",\"position\":1,\"name\":\"Accueil\",\"item\":\"https:\\\/\\\/dcmgmt.ca\\\/\"},{\"@type\":\"ListItem\",\"position\":2,\"name\":\"Incubateur\"}]},{\"@type\":\"WebSite\",\"@id\":\"https:\\\/\\\/dcmgmt.ca\\\/#website\",\"url\":\"https:\\\/\\\/dcmgmt.ca\\\/\",\"name\":\"DC Management\",\"description\":\"Transformer vos fa\u00e7ons de faire - Acc\u00e9l\u00e9rer vos r\u00e9sultats\",\"potentialAction\":[{\"@type\":\"SearchAction\",\"target\":{\"@type\":\"EntryPoint\",\"urlTemplate\":\"https:\\\/\\\/dcmgmt.ca\\\/?s={search_term_string}\"},\"query-input\":{\"@type\":\"PropertyValueSpecification\",\"valueRequired\":true,\"valueName\":\"search_term_string\"}}],\"inLanguage\":\"en-CA\"}]}<\/script>\n<!-- \/ Yoast SEO plugin. -->","yoast_head_json":{"title":"Incubator - DC Management","description":"Discover the DC Management incubator: a space designed to prepare today&#039;s businesses for the future and create lasting impact.","robots":{"index":"index","follow":"follow","max-snippet":"max-snippet:-1","max-image-preview":"max-image-preview:large","max-video-preview":"max-video-preview:-1"},"canonical":"https:\/\/dcmgmt.ca\/en\/strategic-incubator-for-visionary-leaders\/","og_locale":"en_US","og_type":"article","og_title":"Incubateur - DC Management","og_description":"D\u00e9couvrez l\u2019incubateur sign\u00e9 DC Management : un espace d\u00e9sign\u00e9 pour pr\u00e9parer l'avenir des entreprises d'aujoud'hui pour un impact durable.","og_url":"https:\/\/dcmgmt.ca\/en\/strategic-incubator-for-visionary-leaders\/","og_site_name":"DC Management","article_modified_time":"2026-03-01T04:28:47+00:00","twitter_card":"summary_large_image","twitter_misc":{"Est. reading time":"2 minutes"},"schema":{"@context":"https:\/\/schema.org","@graph":[{"@type":"WebPage","@id":"https:\/\/dcmgmt.ca\/incubateur-strategique-dirigeants-visionnaires\/","url":"https:\/\/dcmgmt.ca\/incubateur-strategique-dirigeants-visionnaires\/","name":"Incubator - DC Management","isPartOf":{"@id":"https:\/\/dcmgmt.ca\/#website"},"datePublished":"2025-04-12T16:49:46+00:00","dateModified":"2026-03-01T04:28:47+00:00","description":"Discover the DC Management incubator: a space designed to prepare today&#039;s businesses for the future and create lasting impact.","breadcrumb":{"@id":"https:\/\/dcmgmt.ca\/incubateur-strategique-dirigeants-visionnaires\/#breadcrumb"},"inLanguage":"en-CA","potentialAction":[{"@type":"ReadAction","target":["https:\/\/dcmgmt.ca\/incubateur-strategique-dirigeants-visionnaires\/"]}]},{"@type":"BreadcrumbList","@id":"https:\/\/dcmgmt.ca\/incubateur-strategique-dirigeants-visionnaires\/#breadcrumb","itemListElement":[{"@type":"ListItem","position":1,"name":"Accueil","item":"https:\/\/dcmgmt.ca\/"},{"@type":"ListItem","position":2,"name":"Incubateur"}]},{"@type":"WebSite","@id":"https:\/\/dcmgmt.ca\/#website","url":"https:\/\/dcmgmt.ca\/","name":"DC-Management","description":"Transform your ways of doing things - Accelerate your results","potentialAction":[{"@type":"SearchAction","target":{"@type":"EntryPoint","urlTemplate":"https:\/\/dcmgmt.ca\/?s={search_term_string}"},"query-input":{"@type":"PropertyValueSpecification","valueRequired":true,"valueName":"search_term_string"}}],"inLanguage":"en-CA"}]}},"_links":{"self":[{"href":"https:\/\/dcmgmt.ca\/en\/wp-json\/wp\/v2\/pages\/1096","targetHints":{"allow":["GET"]}}],"collection":[{"href":"https:\/\/dcmgmt.ca\/en\/wp-json\/wp\/v2\/pages"}],"about":[{"href":"https:\/\/dcmgmt.ca\/en\/wp-json\/wp\/v2\/types\/page"}],"author":[{"embeddable":true,"href":"https:\/\/dcmgmt.ca\/en\/wp-json\/wp\/v2\/users\/3"}],"replies":[{"embeddable":true,"href":"https:\/\/dcmgmt.ca\/en\/wp-json\/wp\/v2\/comments?post=1096"}],"version-history":[{"count":13,"href":"https:\/\/dcmgmt.ca\/en\/wp-json\/wp\/v2\/pages\/1096\/revisions"}],"predecessor-version":[{"id":1242,"href":"https:\/\/dcmgmt.ca\/en\/wp-json\/wp\/v2\/pages\/1096\/revisions\/1242"}],"wp:attachment":[{"href":"https:\/\/dcmgmt.ca\/en\/wp-json\/wp\/v2\/media?parent=1096"}],"curies":[{"name":"wp","href":"https:\/\/api.w.org\/{rel}","templated":true}]}}