{"id":327,"date":"2020-01-29T18:05:45","date_gmt":"2020-01-29T23:05:45","guid":{"rendered":"https:\/\/dcmgmt.ca\/services\/"},"modified":"2026-02-28T23:28:41","modified_gmt":"2026-03-01T04:28:41","slug":"strategic-consulting-services","status":"publish","type":"page","link":"https:\/\/dcmgmt.ca\/en\/services-conseil-strategique\/","title":{"rendered":"Services"},"content":{"rendered":"<div class=\"et_pb_section_0 et_pb_section et_pb_fullwidth_section et_section_regular et_block_section et_pb_section_parallax\"><span class=\"et-pb-parallax-wrapper\"><span class=\"et-pb-parallax-background et-pb-parallax-background-module--divi-section-0\" style=\"background-image:url(https:\/\/dcmgmt.ca\/wp-content\/uploads\/2020\/01\/business-16.jpg)\"><\/span><\/span><section class=\"et_pb_fullwidth_header_0 et_pb_fullwidth_header et_pb_bg_layout_dark et_pb_text_align_center et_animated et_pb_module et_flex_module preset--module--divi-fullwidth-header--default\"><div class=\"et_pb_fullwidth_header_container center\"><div class=\"header-content-container center\"><div class=\"header-content et_flex_module\"><h2 class=\"et_pb_module_header\">Services<\/h2><div class=\"et_pb_header_button_wrapper\"><\/div><\/div><\/div><\/div><div class=\"et_pb_fullwidth_header_overlay\"><\/div><div class=\"et_pb_fullwidth_header_scroll\"><\/div><\/section><\/div><div class=\"et_pb_section_1 et_pb_section et_section_regular et_block_section\"><div class=\"et_pb_row_0 et_pb_row et_block_row\"><div class=\"et_pb_column_0 et_pb_column et_pb_column_4_4 et-last-child et_block_column et_pb_css_mix_blend_mode_passthrough\"><div class=\"et_pb_divider_0 et_pb_divider et_pb_space et_pb_divider_position_top et_animated et_pb_module\"><div class=\"et_pb_divider_internal\"><\/div><\/div><div class=\"et_pb_text_0 et_pb_text et_pb_bg_layout_light et_animated et_pb_module et_block_module et_pb_text_align_center\"><div class=\"et_pb_text_inner\"><h1>Our approach<\/h1>\n<\/div><\/div><div class=\"et_pb_text_1 et_pb_text et_pb_bg_layout_light et_animated et_pb_module et_block_module et_pb_text_align_center\"><div class=\"et_pb_text_inner\"><p data-start=\"129\" data-end=\"471\" class=\"\">At DC Management, we support large organizations at every stage of their transformation. Whether it&#039;s project recovery, practice optimization, governance structure, or the integration of emerging technologies, we uncover what&#039;s holding you back\u2014and transform it into a lever for prosperity.<\/p>\n<p data-start=\"657\" data-end=\"925\" class=\"\">\n<\/div><\/div><\/div><\/div><div class=\"et_pb_row_1 et_pb_row et_block_row\"><div class=\"et_pb_column_1 et_pb_column et_pb_column_4_4 et-last-child et_block_column et_pb_css_mix_blend_mode_passthrough\"><div class=\"et_pb_divider_1 et_pb_divider et_pb_space et_pb_divider_position_top et_animated et_pb_module\"><div class=\"et_pb_divider_internal\"><\/div><\/div><div class=\"et_pb_text_2 et_pb_text et_pb_bg_layout_light et_animated et_pb_module et_block_module et_pb_text_align_center\"><div class=\"et_pb_text_inner\"><h1>Our services<\/h1>\n<\/div><\/div><\/div><\/div><div class=\"et_pb_row_2 et_pb_row et_block_row\"><div class=\"et_pb_column_2 et_pb_column et_pb_column_4_4 et-last-child et_block_column et_pb_css_mix_blend_mode_passthrough\"><div class=\"et_pb_blog_0 et_pb_blog et_pb_bg_layout_light et_pb_posts et_pb_module\"><div class=\"et_pb_ajax_pagination_container\"><div class=\"et_pb_posts et_grid_module\"><article class=\"et_pb_post et_pb_post_id_993 clearfix et_pb_blog_item_0_0 post-993 project type-project status-publish has-post-thumbnail hentry project_category-categorie\"><div class=\"et_pb_image_container\"><a href=\"https:\/\/dcmgmt.ca\/en\/service\/accompagnement-strategique-en-ia\/\" class=\"entry-featured-image-url\"><img loading=\"lazy\" decoding=\"async\" src=\"https:\/\/dcmgmt.ca\/wp-content\/uploads\/2025\/04\/pexels-photo-8386440.webp\" width=\"400\" height=\"284\" alt=\"Strategic support in AI\" class=\"\" srcset=\"https:\/\/dcmgmt.ca\/wp-content\/uploads\/2025\/04\/pexels-photo-8386440.webp 479w, https:\/\/dcmgmt.ca\/wp-content\/uploads\/2025\/04\/pexels-photo-8386440-400x284.webp 480w\" sizes=\"(max-width:479px) 479px, 100vw\" \/><span data-icon=\"\ue050\" class=\"et_overlay et_pb_inline_icon\"><\/span><\/a><\/div><h2 class=\"entry-title\"><a href=\"https:\/\/dcmgmt.ca\/en\/service\/accompagnement-strategique-en-ia\/\">Strategic support in AI<\/a><\/h2><p class=\"post-meta\"><\/p><div class=\"post-content\"><div class=\"post-content-inner\"><p>Accompagnement strat\u00e9gique en IA L\u2019IA bien int\u00e9gr\u00e9e ne remplace pas les humains : elle les rend plus puissants. Chez DC Management, nous accompagnons les organisations dans l\u2019int\u00e9gration strat\u00e9gique de l\u2019intelligence artificielle, en partant des vrais besoins&#8230;<\/p>\n<\/div><a href=\"https:\/\/dcmgmt.ca\/en\/service\/accompagnement-strategique-en-ia\/\" class=\"more-link\">read more&#8230;<\/a><\/div><\/article><article class=\"et_pb_post et_pb_post_id_984 clearfix et_pb_blog_item_0_1 post-984 project type-project status-publish has-post-thumbnail hentry project_category-categorie\"><div class=\"et_pb_image_container\"><a href=\"https:\/\/dcmgmt.ca\/en\/service\/conseil-strategique\/\" class=\"entry-featured-image-url\"><img loading=\"lazy\" decoding=\"async\" src=\"https:\/\/dcmgmt.ca\/wp-content\/uploads\/2022\/11\/shutterstock_1022439421-300x200-1.jpg\" width=\"400\" height=\"284\" alt=\"Strategic Council\" class=\"\" srcset=\"https:\/\/dcmgmt.ca\/wp-content\/uploads\/2022\/11\/shutterstock_1022439421-300x200-1.jpg 479w, https:\/\/dcmgmt.ca\/wp-content\/uploads\/2022\/11\/shutterstock_1022439421-300x200-1-400x284.jpg 480w\" sizes=\"(max-width:479px) 479px, 100vw\" \/><span data-icon=\"\ue050\" class=\"et_overlay et_pb_inline_icon\"><\/span><\/a><\/div><h2 class=\"entry-title\"><a href=\"https:\/\/dcmgmt.ca\/en\/service\/conseil-strategique\/\">Strategic Council<\/a><\/h2><p class=\"post-meta\"><\/p><div class=\"post-content\"><div class=\"post-content-inner\"><p>Conseil Strat\u00e9gique Accompagnement des leaders, optimisation de la structure organisationnelle et coaching Nous croyons que la structure n\u2019est pas qu\u2019un dessin : c\u2019est un levier de clart\u00e9, de coh\u00e9rence et d\u2019efficacit\u00e9 collective. Trop souvent, les organisations&#8230;<\/p>\n<\/div><a href=\"https:\/\/dcmgmt.ca\/en\/service\/conseil-strategique\/\" class=\"more-link\">read more&#8230;<\/a><\/div><\/article><article class=\"et_pb_post et_pb_post_id_978 clearfix et_pb_blog_item_0_2 post-978 project type-project status-publish has-post-thumbnail hentry project_category-categorie\"><div class=\"et_pb_image_container\"><a href=\"https:\/\/dcmgmt.ca\/en\/service\/redressement-de-projets\/\" class=\"entry-featured-image-url\"><img loading=\"lazy\" decoding=\"async\" src=\"https:\/\/dcmgmt.ca\/wp-content\/uploads\/2025\/04\/pexels-photo-3183127.webp\" width=\"400\" height=\"284\" alt=\"Turnaround of projects\" class=\"\" srcset=\"https:\/\/dcmgmt.ca\/wp-content\/uploads\/2025\/04\/pexels-photo-3183127.webp 479w, https:\/\/dcmgmt.ca\/wp-content\/uploads\/2025\/04\/pexels-photo-3183127-400x284.webp 480w\" sizes=\"(max-width:479px) 479px, 100vw\" \/><span data-icon=\"\ue050\" class=\"et_overlay et_pb_inline_icon\"><\/span><\/a><\/div><h2 class=\"entry-title\"><a href=\"https:\/\/dcmgmt.ca\/en\/service\/redressement-de-projets\/\">Turnaround of projects<\/a><\/h2><p class=\"post-meta\"><\/p><div class=\"post-content\"><div class=\"post-content-inner\"><p>Redressement de projets Quand un projet d\u00e9rape, il ne faut pas juste corriger le cap \u2014 il faut reprendre le contr\u00f4le. Chez DC Management, nous croyons que l\u2019am\u00e9lioration continue n\u2019est pas une s\u00e9rie d\u2019ateliers isol\u00e9s ou de jargon Lean : c\u2019est un \u00e9tat d\u2019esprit durable,&#8230;<\/p>\n<\/div><a href=\"https:\/\/dcmgmt.ca\/en\/service\/redressement-de-projets\/\" class=\"more-link\">read more&#8230;<\/a><\/div><\/article><article class=\"et_pb_post et_pb_post_id_861 clearfix et_pb_blog_item_0_3 post-861 project type-project status-publish has-post-thumbnail hentry project_category-categorie\"><div class=\"et_pb_image_container\"><a href=\"https:\/\/dcmgmt.ca\/en\/service\/amelioration-continue\/\" class=\"entry-featured-image-url\"><img loading=\"lazy\" decoding=\"async\" src=\"https:\/\/dcmgmt.ca\/wp-content\/uploads\/2022\/11\/pexels-photo-3854816.webp\" width=\"400\" height=\"284\" alt=\"Continuous improvement\" class=\"\" srcset=\"https:\/\/dcmgmt.ca\/wp-content\/uploads\/2022\/11\/pexels-photo-3854816.webp 479w, https:\/\/dcmgmt.ca\/wp-content\/uploads\/2022\/11\/pexels-photo-3854816-400x284.webp 480w\" sizes=\"(max-width:479px) 479px, 100vw\" \/><span data-icon=\"\ue050\" class=\"et_overlay et_pb_inline_icon\"><\/span><\/a><\/div><h2 class=\"entry-title\"><a href=\"https:\/\/dcmgmt.ca\/en\/service\/amelioration-continue\/\">Continuous improvement<\/a><\/h2><p class=\"post-meta\"><\/p><div class=\"post-content\"><div class=\"post-content-inner\"><p>Am\u00e9lioration continue Am\u00e9liorer ce qui existe d\u00e9j\u00e0. Acc\u00e9l\u00e9rer ce qui fonctionne. Solidifier ce qui est fragile. Chez DC Management, nous croyons que l\u2019am\u00e9lioration continue n\u2019est pas une s\u00e9rie d\u2019ateliers isol\u00e9s ou de jargon Lean : c\u2019est un \u00e9tat d\u2019esprit durable,&#8230;<\/p>\n<\/div><a href=\"https:\/\/dcmgmt.ca\/en\/service\/amelioration-continue\/\" class=\"more-link\">read more&#8230;<\/a><\/div><\/article><\/div><div class=\"pagination clearfix\">\n\t<div class=\"alignleft\"><\/div>\n\t<div class=\"alignright\"><\/div>\n<\/div><\/div><\/div><\/div><\/div><\/div><div class=\"et_pb_section_2 et_pb_section et_section_regular et_block_section\"><div class=\"et_pb_row_3 et_pb_row et_block_row\"><div class=\"et_pb_column_3 et_pb_column et_pb_column_4_4 et-last-child et_block_column et_pb_css_mix_blend_mode_passthrough\"><div class=\"et_pb_divider_2 et_pb_divider et_pb_space et_pb_divider_position_top et_animated et_pb_module\"><div class=\"et_pb_divider_internal\"><\/div><\/div><div class=\"et_pb_text_3 et_pb_text et_pb_bg_layout_light et_animated et_pb_module et_block_module et_pb_text_align_center\"><div class=\"et_pb_text_inner\"><h1>Our packages (modular offer)<\/h1>\n<\/div><\/div><\/div><\/div><div class=\"et_pb_row_4 et_pb_row et_pb_row_4col et_block_row et_block_row_4col\"><div class=\"et_pb_column_4 et_pb_column et_pb_column_1_4 et_block_column et_pb_css_mix_blend_mode_passthrough\"><div class=\"et_pb_blurb_0 et_pb_blurb et_pb_bg_layout_light et_pb_text_align_center et_pb_blurb_position_top et_animated et_pb_module et_block_module\"><div class=\"et_pb_blurb_content\"><div class=\"et_pb_main_blurb_image\"><span class=\"et_pb_image_wrap\"><span class=\"et-pb-icon\">\ue007<\/span><\/span><\/div><div class=\"et_pb_blurb_container\"><h4 class=\"et_pb_module_header\">Clear packages<\/h4><div class=\"et_pb_blurb_description\"><p>By deliverable or by phase, for simple and predictable planning.<\/p>\n<\/div><\/div><\/div><\/div><\/div><div class=\"et_pb_column_5 et_pb_column et_pb_column_1_4 et_block_column et_pb_css_mix_blend_mode_passthrough\"><div class=\"et_pb_blurb_1 et_pb_blurb et_pb_bg_layout_light et_pb_text_align_center et_pb_blurb_position_top et_animated et_pb_module et_block_module\"><div class=\"et_pb_blurb_content\"><div class=\"et_pb_main_blurb_image\"><span class=\"et_pb_image_wrap\"><span class=\"et-pb-icon\">\ue027<\/span><\/span><\/div><div class=\"et_pb_blurb_container\"><h4 class=\"et_pb_module_header\">Express Support<\/h4><div class=\"et_pb_blurb_description\"><p>On call for crisis support, remobilization or arbitration.<\/p>\n<\/div><\/div><\/div><\/div><\/div><div class=\"et_pb_column_6 et_pb_column et_pb_column_1_4 et_block_column et_pb_css_mix_blend_mode_passthrough\"><div class=\"et_pb_blurb_2 et_pb_blurb et_pb_bg_layout_light et_pb_text_align_center et_pb_blurb_position_top et_animated et_pb_module et_block_module\"><div class=\"et_pb_blurb_content\"><div class=\"et_pb_main_blurb_image\"><span class=\"et_pb_image_wrap\"><span class=\"et-pb-icon\">}<\/span><\/span><\/div><div class=\"et_pb_blurb_container\"><h4 class=\"et_pb_module_header\">Coaching by the hour<\/h4><div class=\"et_pb_blurb_description\"><p>For targeted needs or one-off support.<\/p>\n<\/div><\/div><\/div><\/div><\/div><div class=\"et_pb_column_7 et_pb_column et_pb_column_1_4 et-last-child et_block_column et_pb_css_mix_blend_mode_passthrough\"><div class=\"et_pb_blurb_3 et_pb_blurb et_pb_bg_layout_light et_pb_text_align_center et_pb_blurb_position_top et_animated et_pb_module et_block_module\"><div class=\"et_pb_blurb_content\"><div class=\"et_pb_main_blurb_image\"><span class=\"et_pb_image_wrap\"><span class=\"et-pb-icon\">\uf51e<\/span><\/span><\/div><div class=\"et_pb_blurb_container\"><h4 class=\"et_pb_module_header\">Hybrid pricing<\/h4><div class=\"et_pb_blurb_description\"><p>Fixed fee + impact bonus based on results.<\/p>\n<\/div><\/div><\/div><\/div><\/div><\/div><div class=\"et_pb_row_5 et_pb_row et_block_row\"><div class=\"et_pb_column_8 et_pb_column et_pb_column_1_3 et_block_column et_pb_css_mix_blend_mode_passthrough\"><div class=\"et_pb_pricing_tables_0 et_pb_pricing_tables et_pb_pricing clearfix et_pb_pricing_no_bullet et_pb_pricing_1 et_animated et_pb_no_featured_in_first_row et_pb_module et_flex_module\"><div class=\"et_pb_pricing_table_0 et_pb_pricing_table et_pb_module et_block_module et_flex_column_24_24 et_flex_column_24_24_tablet et_flex_column_24_24_phone\"><div class=\"et_pb_pricing_heading\"><h1 class=\"et_pb_pricing_title\">Diagnosis<\/h1><span class=\"et_pb_best_value\">Identify the strengths and limitations of the current structure. Understand what is blocking it.<\/span><\/div><div class=\"et_pb_pricing_content_top\"><div class=\"et_pb_et_price\"><span class=\"et_pb_sum\">3-4 weeks<\/span><\/div><\/div><div class=\"et_pb_pricing_content\"><ul class=\"et_pb_pricing\"><li><span><ul class=\"et_pb_pricing\"><\/span><\/li><li><span><li><span>Environmental analysis<\/span><\/li><\/span><\/li><li><span><li><span>Identification of friction zones, overlaps, silos<\/span><\/li><\/span><\/li><li><span><li><span>Interviews with managers<\/span><\/li><\/span><\/li><li><span><li><span>Priority recommendations (30-60-90 day plan)<\/span><\/li><\/span><\/li><li><span><\/ul><\/span><\/li><\/ul><\/div><\/div><\/div><\/div><div class=\"et_pb_column_9 et_pb_column et_pb_column_1_3 et_block_column et_pb_css_mix_blend_mode_passthrough\"><div class=\"et_pb_pricing_tables_1 et_pb_pricing_tables et_pb_pricing clearfix et_pb_pricing_no_bullet et_pb_pricing_1 et_animated et_pb_no_featured_in_first_row et_pb_module et_flex_module\"><div class=\"et_pb_pricing_table_1 et_pb_pricing_table et_pb_module et_block_module et_flex_column_24_24 et_flex_column_24_24_tablet et_flex_column_24_24_phone\"><div class=\"et_pb_pricing_heading\"><h1 class=\"et_pb_pricing_title\">Targeted Workshop \/ Coaching<\/h1><span class=\"et_pb_best_value\">Propose a structure adapted to your strategy and operations.<\/span><\/div><div class=\"et_pb_pricing_content_top\"><div class=\"et_pb_et_price\"><span class=\"et_pb_sum\">4-6 weeks<\/span><\/div><\/div><div class=\"et_pb_pricing_content\"><ul class=\"et_pb_pricing\"><li><span><ul class=\"et_pb_pricing\"><\/span><\/li><li><span><li><span>Collaborative construction of the new organization<\/span><\/li><\/span><\/li><li><span><li><span>Coaching leaders<\/span><\/li><\/span><\/li><li><span><li><span>Training workshops<\/span><\/li><\/span><\/li><li><span><li><span>Awareness workshops<\/span><\/li><\/span><\/li><li><span><\/ul><\/span><\/li><li><span><span><\/span><\/span><\/li><li><span>Support for integrating change<span><\/span><\/span><\/li><li><span><span><\/span><\/span><\/li><\/ul><\/div><\/div><\/div><\/div><div class=\"et_pb_column_10 et_pb_column et_pb_column_1_3 et-last-child et_block_column et_pb_css_mix_blend_mode_passthrough\"><div class=\"et_pb_pricing_tables_2 et_pb_pricing_tables et_pb_pricing clearfix et_pb_pricing_no_bullet et_pb_pricing_1 et_animated et_pb_no_featured_in_first_row et_pb_module et_flex_module\"><div class=\"et_pb_pricing_table_2 et_pb_pricing_table et_pb_module et_block_module et_flex_column_24_24 et_flex_column_24_24_tablet et_flex_column_24_24_phone\"><div class=\"et_pb_pricing_heading\"><h3 class=\"et_pb_pricing_title\">Support<\/h3><span class=\"et_pb_best_value\">Support the deployment of the new structure in a climate of trust.<\/span><\/div><div class=\"et_pb_pricing_content_top\"><div class=\"et_pb_et_price\"><span class=\"et_pb_sum\">3-6 months<\/span><\/div><\/div><div class=\"et_pb_pricing_content\"><ul class=\"et_pb_pricing\"><li><span>Managing the political climate and areas of tension<\/span><\/li><li><span>Transition plan (sequence, priorities, risks)<\/span><\/li><li><span>Complete constitution of your new toolbox<\/span><\/li><li><span>Final assessment and plan for larger-scale deployment<\/span><\/li><\/ul><\/div><\/div><\/div><\/div><\/div><\/div>","protected":false},"excerpt":{"rendered":"","protected":false},"author":3,"featured_media":0,"parent":0,"menu_order":0,"comment_status":"closed","ping_status":"closed","template":"","meta":{"footnotes":""},"class_list":["post-327","page","type-page","status-publish","hentry"],"yoast_head":"<!-- This site is optimized with the Yoast SEO plugin v27.5 - https:\/\/yoast.com\/product\/yoast-seo-wordpress\/ -->\n<title>Services - DC Management<\/title>\n<meta name=\"description\" content=\"Les services professionnels de DC Management : redressement de projet, optimisation des pratiques d\u2019affaires, technologies \u00e9mergeantes\" \/>\n<meta name=\"robots\" content=\"index, follow, max-snippet:-1, max-image-preview:large, max-video-preview:-1\" \/>\n<link rel=\"canonical\" href=\"https:\/\/dcmgmt.ca\/en\/strategic-consulting-services\/\" \/>\n<meta property=\"og:locale\" content=\"en_US\" \/>\n<meta property=\"og:type\" content=\"article\" \/>\n<meta property=\"og:title\" content=\"Services - DC Management\" \/>\n<meta property=\"og:description\" content=\"Les services professionnels de DC Management : redressement de projet, optimisation des pratiques d\u2019affaires, technologies \u00e9mergeantes\" \/>\n<meta property=\"og:url\" content=\"https:\/\/dcmgmt.ca\/en\/strategic-consulting-services\/\" \/>\n<meta property=\"og:site_name\" content=\"DC Management\" \/>\n<meta property=\"article:modified_time\" content=\"2026-03-01T04:28:41+00:00\" \/>\n<meta name=\"twitter:card\" content=\"summary_large_image\" \/>\n<meta name=\"twitter:label1\" content=\"Est. reading time\" \/>\n\t<meta name=\"twitter:data1\" content=\"3 minutes\" \/>\n<script type=\"application\/ld+json\" class=\"yoast-schema-graph\">{\"@context\":\"https:\\\/\\\/schema.org\",\"@graph\":[{\"@type\":\"WebPage\",\"@id\":\"https:\\\/\\\/dcmgmt.ca\\\/services-conseil-strategique\\\/\",\"url\":\"https:\\\/\\\/dcmgmt.ca\\\/services-conseil-strategique\\\/\",\"name\":\"Services - DC Management\",\"isPartOf\":{\"@id\":\"https:\\\/\\\/dcmgmt.ca\\\/#website\"},\"datePublished\":\"2020-01-29T23:05:45+00:00\",\"dateModified\":\"2026-03-01T04:28:41+00:00\",\"description\":\"Les services professionnels de DC Management : redressement de projet, optimisation des pratiques d\u2019affaires, technologies \u00e9mergeantes\",\"breadcrumb\":{\"@id\":\"https:\\\/\\\/dcmgmt.ca\\\/services-conseil-strategique\\\/#breadcrumb\"},\"inLanguage\":\"en-CA\",\"potentialAction\":[{\"@type\":\"ReadAction\",\"target\":[\"https:\\\/\\\/dcmgmt.ca\\\/services-conseil-strategique\\\/\"]}]},{\"@type\":\"BreadcrumbList\",\"@id\":\"https:\\\/\\\/dcmgmt.ca\\\/services-conseil-strategique\\\/#breadcrumb\",\"itemListElement\":[{\"@type\":\"ListItem\",\"position\":1,\"name\":\"Accueil\",\"item\":\"https:\\\/\\\/dcmgmt.ca\\\/\"},{\"@type\":\"ListItem\",\"position\":2,\"name\":\"Services\"}]},{\"@type\":\"WebSite\",\"@id\":\"https:\\\/\\\/dcmgmt.ca\\\/#website\",\"url\":\"https:\\\/\\\/dcmgmt.ca\\\/\",\"name\":\"DC Management\",\"description\":\"Transformer vos fa\u00e7ons de faire - Acc\u00e9l\u00e9rer vos r\u00e9sultats\",\"potentialAction\":[{\"@type\":\"SearchAction\",\"target\":{\"@type\":\"EntryPoint\",\"urlTemplate\":\"https:\\\/\\\/dcmgmt.ca\\\/?s={search_term_string}\"},\"query-input\":{\"@type\":\"PropertyValueSpecification\",\"valueRequired\":true,\"valueName\":\"search_term_string\"}}],\"inLanguage\":\"en-CA\"}]}<\/script>\n<!-- \/ Yoast SEO plugin. -->","yoast_head_json":{"title":"Services - DC Management","description":"DC Management&#039;s professional services: project recovery, business practice optimization, emerging technologies","robots":{"index":"index","follow":"follow","max-snippet":"max-snippet:-1","max-image-preview":"max-image-preview:large","max-video-preview":"max-video-preview:-1"},"canonical":"https:\/\/dcmgmt.ca\/en\/strategic-consulting-services\/","og_locale":"en_US","og_type":"article","og_title":"Services - DC Management","og_description":"Les services professionnels de DC Management : redressement de projet, optimisation des pratiques d\u2019affaires, technologies \u00e9mergeantes","og_url":"https:\/\/dcmgmt.ca\/en\/strategic-consulting-services\/","og_site_name":"DC Management","article_modified_time":"2026-03-01T04:28:41+00:00","twitter_card":"summary_large_image","twitter_misc":{"Est. reading time":"3 minutes"},"schema":{"@context":"https:\/\/schema.org","@graph":[{"@type":"WebPage","@id":"https:\/\/dcmgmt.ca\/services-conseil-strategique\/","url":"https:\/\/dcmgmt.ca\/services-conseil-strategique\/","name":"Services - DC Management","isPartOf":{"@id":"https:\/\/dcmgmt.ca\/#website"},"datePublished":"2020-01-29T23:05:45+00:00","dateModified":"2026-03-01T04:28:41+00:00","description":"DC Management&#039;s professional services: project recovery, business practice optimization, emerging technologies","breadcrumb":{"@id":"https:\/\/dcmgmt.ca\/services-conseil-strategique\/#breadcrumb"},"inLanguage":"en-CA","potentialAction":[{"@type":"ReadAction","target":["https:\/\/dcmgmt.ca\/services-conseil-strategique\/"]}]},{"@type":"BreadcrumbList","@id":"https:\/\/dcmgmt.ca\/services-conseil-strategique\/#breadcrumb","itemListElement":[{"@type":"ListItem","position":1,"name":"Accueil","item":"https:\/\/dcmgmt.ca\/"},{"@type":"ListItem","position":2,"name":"Services"}]},{"@type":"WebSite","@id":"https:\/\/dcmgmt.ca\/#website","url":"https:\/\/dcmgmt.ca\/","name":"DC-Management","description":"Transform your ways of doing things - Accelerate your results","potentialAction":[{"@type":"SearchAction","target":{"@type":"EntryPoint","urlTemplate":"https:\/\/dcmgmt.ca\/?s={search_term_string}"},"query-input":{"@type":"PropertyValueSpecification","valueRequired":true,"valueName":"search_term_string"}}],"inLanguage":"en-CA"}]}},"_links":{"self":[{"href":"https:\/\/dcmgmt.ca\/en\/wp-json\/wp\/v2\/pages\/327","targetHints":{"allow":["GET"]}}],"collection":[{"href":"https:\/\/dcmgmt.ca\/en\/wp-json\/wp\/v2\/pages"}],"about":[{"href":"https:\/\/dcmgmt.ca\/en\/wp-json\/wp\/v2\/types\/page"}],"author":[{"embeddable":true,"href":"https:\/\/dcmgmt.ca\/en\/wp-json\/wp\/v2\/users\/3"}],"replies":[{"embeddable":true,"href":"https:\/\/dcmgmt.ca\/en\/wp-json\/wp\/v2\/comments?post=327"}],"version-history":[{"count":20,"href":"https:\/\/dcmgmt.ca\/en\/wp-json\/wp\/v2\/pages\/327\/revisions"}],"predecessor-version":[{"id":1238,"href":"https:\/\/dcmgmt.ca\/en\/wp-json\/wp\/v2\/pages\/327\/revisions\/1238"}],"wp:attachment":[{"href":"https:\/\/dcmgmt.ca\/en\/wp-json\/wp\/v2\/media?parent=327"}],"curies":[{"name":"wp","href":"https:\/\/api.w.org\/{rel}","templated":true}]}}