{"id":33,"date":"2020-01-19T17:36:15","date_gmt":"2020-01-19T22:36:15","guid":{"rendered":"https:\/\/dcmgmt.ca\/?page_id=33"},"modified":"2026-02-28T23:28:41","modified_gmt":"2026-03-01T04:28:41","slug":"accompagnement-strategique-transformation-entreprise","status":"publish","type":"page","link":"https:\/\/dcmgmt.ca\/en\/","title":{"rendered":"Welcome"},"content":{"rendered":"<div class=\"et_pb_section_0 et_pb_section et_pb_fullwidth_section et_section_regular et_block_section et_pb_section_parallax\"><span class=\"et-pb-parallax-wrapper\"><span class=\"et-pb-parallax-background et-pb-parallax-background-module--divi-section-0\" style=\"background-image:url(https:\/\/dcmgmt.ca\/wp-content\/uploads\/2020\/01\/business-14.jpg)\"><\/span><\/span><section class=\"et_pb_fullwidth_header_0 et_pb_fullwidth_header et_pb_bg_layout_dark et_pb_text_align_center et_animated et_pb_module et_flex_module preset--module--divi-fullwidth-header--default\"><div class=\"et_pb_fullwidth_header_container center\"><div class=\"header-content-container center\"><div class=\"header-content et_flex_module\"><h1 class=\"et_pb_module_header\">DC-Management<\/h1><div class=\"et_pb_header_content_wrapper\"><p>The essential. The breath. The imprint.<\/p>\n<\/div><div class=\"et_pb_header_button_wrapper\"><a class=\"et_pb_button et_pb_more_button et_pb_button_one\" href=\"https:\/\/dcmgmt.ca\/en\/contact\/\">Contact us<\/a><\/div><\/div><\/div><\/div><div class=\"et_pb_fullwidth_header_overlay\"><\/div><div class=\"et_pb_fullwidth_header_scroll\"><\/div><\/section><\/div><div class=\"et_pb_section_1 et_pb_section et_section_regular et_block_section\"><div class=\"et_pb_row_0 et_pb_row et_block_row\"><div class=\"et_pb_column_0 et_pb_column et_pb_column_1_3 et_block_column et_pb_css_mix_blend_mode_passthrough\"><div class=\"et_pb_blurb_0 et_pb_blurb et_pb_bg_layout_light et_pb_text_align_center et_pb_blurb_position_top et_animated et_pb_module et_block_module\"><div class=\"et_pb_blurb_content\"><div class=\"et_pb_main_blurb_image\"><span class=\"et_pb_image_wrap\"><span class=\"et-pb-icon\">\ue031<\/span><\/span><\/div><div class=\"et_pb_blurb_container\"><h4 class=\"et_pb_module_header\">Shared Excellence<\/h4><div class=\"et_pb_blurb_description\"><p>Excellence isn&#039;t an option; it&#039;s a duty. Together, we raise standards and deliver with pride, not just out of obligation.<\/p>\n<\/div><\/div><\/div><\/div><\/div><div class=\"et_pb_column_1 et_pb_column et_pb_column_1_3 et_block_column et_pb_css_mix_blend_mode_passthrough\"><div class=\"et_pb_blurb_1 et_pb_blurb et_pb_bg_layout_light et_pb_text_align_center et_pb_blurb_position_top et_animated et_pb_module et_block_module\"><div class=\"et_pb_blurb_content\"><div class=\"et_pb_main_blurb_image\"><span class=\"et_pb_image_wrap\"><span class=\"et-pb-icon\">\ue009<\/span><\/span><\/div><div class=\"et_pb_blurb_container\"><h4 class=\"et_pb_module_header\">Absolute integrity<\/h4><div class=\"et_pb_blurb_description\"><p>Integrity, without blind spots. Every relationship is built on transparency, accountability, and unwavering loyalty to the team.<\/p>\n<\/div><\/div><\/div><\/div><\/div><div class=\"et_pb_column_2 et_pb_column et_pb_column_1_3 et-last-child et_block_column et_pb_css_mix_blend_mode_passthrough\"><div class=\"et_pb_blurb_2 et_pb_blurb et_pb_bg_layout_light et_pb_text_align_center et_pb_blurb_position_top et_animated et_pb_module et_block_module\"><div class=\"et_pb_blurb_content\"><div class=\"et_pb_main_blurb_image\"><span class=\"et_pb_image_wrap\"><span class=\"et-pb-icon\">~<\/span><\/span><\/div><div class=\"et_pb_blurb_container\"><h4 class=\"et_pb_module_header\">Confidence transmitted<\/h4><div class=\"et_pb_blurb_description\"><p>Create a human, reassuring, and motivating environment where everyone finds their bearings. When trust is established, the team moves forward with confidence.<\/p>\n<\/div><\/div><\/div><\/div><\/div><\/div><div class=\"et_pb_row_1 et_pb_row et_block_row\"><div class=\"et_pb_column_3 et_pb_column et_pb_column_1_2 et_block_column et_pb_css_mix_blend_mode_passthrough\"><div class=\"et_pb_blurb_3 et_pb_blurb et_pb_bg_layout_light et_pb_text_align_center et_pb_blurb_position_top et_animated et_pb_module et_block_module\"><div class=\"et_pb_blurb_content\"><div class=\"et_pb_main_blurb_image\"><span class=\"et_pb_image_wrap\"><span class=\"et-pb-icon\">\ue007<\/span><\/span><\/div><div class=\"et_pb_blurb_container\"><h4 class=\"et_pb_module_header\">Innovate to grow<\/h4><div class=\"et_pb_blurb_description\"><p>Innovation is not an option. I explore, simplify, and transform with you to create more value, pride, and prosperity around us.<\/p>\n<\/div><\/div><\/div><\/div><\/div><div class=\"et_pb_column_4 et_pb_column et_pb_column_1_2 et-last-child et_block_column et_pb_css_mix_blend_mode_passthrough\"><div class=\"et_pb_blurb_4 et_pb_blurb et_pb_bg_layout_light et_pb_text_align_center et_pb_blurb_position_top et_animated et_pb_module et_block_module\"><div class=\"et_pb_blurb_content\"><div class=\"et_pb_main_blurb_image\"><span class=\"et_pb_image_wrap\"><span class=\"et-pb-icon\">HAS<\/span><\/span><\/div><div class=\"et_pb_blurb_container\"><h4 class=\"et_pb_module_header\">Go further, returning to the essentials<\/h4><div class=\"et_pb_blurb_description\"><p>I don&#039;t come to change everything. I come to reveal what deserves to endure. My impact is measured in what remains: regained clarity and revived pride.<\/p>\n<\/div><\/div><\/div><\/div><\/div><\/div><\/div><div class=\"et_pb_section_2 et_pb_section et_section_regular et_block_section et_animated\"><div class=\"et_pb_row_2 et_pb_row et_pb_equal_columns et_pb_gutters1 et_block_row et_pb_row_fullwidth\"><div class=\"et_pb_column_5 et_pb_column et_pb_column_1_2 et_block_column et_pb_css_mix_blend_mode_passthrough\"><div class=\"et_pb_image_0 et_pb_image et_pb_module et_block_module\"><span class=\"et_pb_image_wrap\"><img loading=\"lazy\" decoding=\"async\" src=\"https:\/\/dcmgmt.ca\/wp-content\/uploads\/2020\/01\/business-15.jpg\" width=\"1000\" height=\"750\" srcset=\"https:\/\/dcmgmt.ca\/wp-content\/uploads\/2020\/01\/business-15.jpg 1000w, https:\/\/dcmgmt.ca\/wp-content\/uploads\/2020\/01\/business-15-980x735.jpg 980w, https:\/\/dcmgmt.ca\/wp-content\/uploads\/2020\/01\/business-15-480x360.jpg 480w\" sizes=\"(min-width: 0px) and (max-width: 480px) 480px, (min-width: 481px) and (max-width: 980px) 980px, (min-width: 981px) 1000px, 100vw\" class=\"wp-image-36\" title=\"business-15\" \/><\/span><\/div><\/div><div class=\"et_pb_column_6 et_pb_column et_pb_column_1_2 et-last-child et_block_column et_pb_css_mix_blend_mode_passthrough\"><div class=\"et_pb_divider_0 et_pb_divider et_pb_space et_pb_divider_position_top et_animated et_pb_module\"><div class=\"et_pb_divider_internal\"><\/div><\/div><div class=\"et_pb_cta_0 et_pb_promo et_pb_bg_layout_light et_animated et_pb_module et_block_module\"><div class=\"et_pb_promo_description\"><h2 class=\"et_pb_module_header\">VISION<\/h2><div class=\"et_pb_promo_content\"><p>Bringing to light the invisible obstacles that hinder your performance, transforming them into a lever for prosperity\u2014simple, measurable, and inspiring success. DC Management aspires to become the benchmark in business practice optimization, while redefining the standards of excellence in your industry.<\/p>\n<\/div><\/div><div class=\"et_pb_button_wrapper\"><a class=\"et_pb_button et_pb_promo_button\" href=\"https:\/\/dcmgmt.ca\/en\/about\/\">Learn more<\/a><\/div><\/div><\/div><\/div><div class=\"et_pb_row_3 et_pb_row et_pb_equal_columns et_pb_gutters1 et_block_row et_pb_row_fullwidth\"><div class=\"et_pb_column_7 et_pb_column et_pb_column_1_2 et_block_column et_pb_css_mix_blend_mode_passthrough\"><div class=\"et_pb_divider_1 et_pb_divider et_pb_space et_pb_divider_position_top et_animated et_pb_module\"><div class=\"et_pb_divider_internal\"><\/div><\/div><div class=\"et_pb_cta_1 et_pb_promo et_pb_bg_layout_light et_animated et_pb_module et_block_module\"><div class=\"et_pb_promo_description\"><h2 class=\"et_pb_module_header\">ASSIGNMENT<\/h2><div class=\"et_pb_promo_content\"><p>Unlocking the full potential of every organization by transforming complexity into clarity, urgency into mastery, and technology into an intelligent extension of human leadership. I operate where the stakes are high, expectations are high, and every step toward excellence counts.<\/p>\n<\/div><\/div><div class=\"et_pb_button_wrapper\"><a class=\"et_pb_button et_pb_promo_button\" href=\"https:\/\/dcmgmt.ca\/en\/about\/\">Learn more<\/a><\/div><\/div><\/div><div class=\"et_pb_column_8 et_pb_column et_pb_column_1_2 et-last-child et_block_column et_pb_css_mix_blend_mode_passthrough\"><div class=\"et_pb_image_1 et_pb_image et_pb_module et_block_module\"><span class=\"et_pb_image_wrap\"><img loading=\"lazy\" decoding=\"async\" src=\"https:\/\/dcmgmt.ca\/wp-content\/uploads\/2020\/01\/business-08.jpg\" width=\"1920\" height=\"1280\" srcset=\"https:\/\/dcmgmt.ca\/wp-content\/uploads\/2020\/01\/business-08.jpg 1920w, https:\/\/dcmgmt.ca\/wp-content\/uploads\/2020\/01\/business-08-1280x853.jpg 1280w, https:\/\/dcmgmt.ca\/wp-content\/uploads\/2020\/01\/business-08-980x653.jpg 980w, https:\/\/dcmgmt.ca\/wp-content\/uploads\/2020\/01\/business-08-480x320.jpg 480w\" sizes=\"(min-width: 0px) and (max-width: 480px) 480px, (min-width: 481px) and (max-width: 980px) 980px, (min-width: 981px) and (max-width: 1280px) 1280px, (min-width: 1281px) 1920px, 100vw\" class=\"wp-image-69\" title=\"business-08\" \/><\/span><\/div><\/div><\/div><\/div>","protected":false},"excerpt":{"rendered":"","protected":false},"author":3,"featured_media":0,"parent":0,"menu_order":0,"comment_status":"closed","ping_status":"closed","template":"","meta":{"footnotes":""},"class_list":["post-33","page","type-page","status-publish","hentry"],"yoast_head":"<!-- This site is optimized with the Yoast SEO plugin v27.5 - https:\/\/yoast.com\/product\/yoast-seo-wordpress\/ -->\n<title>Accueil - DC Management<\/title>\n<meta name=\"description\" content=\"DC Management offre un accompagnement strat\u00e9gique pour les entreprises dans leurs transformation, en assurant performance et p\u00e9rennit\u00e9.\" \/>\n<meta name=\"robots\" content=\"index, follow, max-snippet:-1, max-image-preview:large, max-video-preview:-1\" \/>\n<link rel=\"canonical\" href=\"https:\/\/dcmgmt.ca\/en\/\" \/>\n<meta property=\"og:locale\" content=\"en_US\" \/>\n<meta property=\"og:type\" content=\"article\" \/>\n<meta property=\"og:title\" content=\"DC Management\" \/>\n<meta property=\"og:description\" content=\"Transformer vos fa\u00e7ons de faire \u2013 Acc\u00e9l\u00e9rer vos r\u00e9sultats\" \/>\n<meta property=\"og:url\" content=\"https:\/\/dcmgmt.ca\/en\/\" \/>\n<meta property=\"og:site_name\" content=\"DC Management\" \/>\n<meta property=\"article:modified_time\" content=\"2026-03-01T04:28:41+00:00\" \/>\n<meta property=\"og:image\" content=\"https:\/\/dcmgmt.ca\/wp-content\/uploads\/2020\/02\/logo-principal.png\" \/>\n\t<meta property=\"og:image:width\" content=\"1000\" \/>\n\t<meta property=\"og:image:height\" content=\"300\" \/>\n\t<meta property=\"og:image:type\" content=\"image\/png\" \/>\n<meta name=\"twitter:card\" content=\"summary_large_image\" \/>\n<meta name=\"twitter:label1\" content=\"Est. reading time\" \/>\n\t<meta name=\"twitter:data1\" content=\"2 minutes\" \/>\n<script type=\"application\/ld+json\" class=\"yoast-schema-graph\">{\"@context\":\"https:\\\/\\\/schema.org\",\"@graph\":[{\"@type\":\"WebPage\",\"@id\":\"https:\\\/\\\/dcmgmt.ca\\\/\",\"url\":\"https:\\\/\\\/dcmgmt.ca\\\/\",\"name\":\"Accueil - DC Management\",\"isPartOf\":{\"@id\":\"https:\\\/\\\/dcmgmt.ca\\\/#website\"},\"datePublished\":\"2020-01-19T22:36:15+00:00\",\"dateModified\":\"2026-03-01T04:28:41+00:00\",\"description\":\"DC Management offre un accompagnement strat\u00e9gique pour les entreprises dans leurs transformation, en assurant performance et p\u00e9rennit\u00e9.\",\"breadcrumb\":{\"@id\":\"https:\\\/\\\/dcmgmt.ca\\\/#breadcrumb\"},\"inLanguage\":\"en-CA\",\"potentialAction\":[{\"@type\":\"ReadAction\",\"target\":[\"https:\\\/\\\/dcmgmt.ca\\\/\"]}]},{\"@type\":\"BreadcrumbList\",\"@id\":\"https:\\\/\\\/dcmgmt.ca\\\/#breadcrumb\",\"itemListElement\":[{\"@type\":\"ListItem\",\"position\":1,\"name\":\"Accueil\",\"item\":\"https:\\\/\\\/dcmgmt.ca\\\/\"},{\"@type\":\"ListItem\",\"position\":2,\"name\":\"Accueil\"}]},{\"@type\":\"WebSite\",\"@id\":\"https:\\\/\\\/dcmgmt.ca\\\/#website\",\"url\":\"https:\\\/\\\/dcmgmt.ca\\\/\",\"name\":\"DC Management\",\"description\":\"Transformer vos fa\u00e7ons de faire - Acc\u00e9l\u00e9rer vos r\u00e9sultats\",\"potentialAction\":[{\"@type\":\"SearchAction\",\"target\":{\"@type\":\"EntryPoint\",\"urlTemplate\":\"https:\\\/\\\/dcmgmt.ca\\\/?s={search_term_string}\"},\"query-input\":{\"@type\":\"PropertyValueSpecification\",\"valueRequired\":true,\"valueName\":\"search_term_string\"}}],\"inLanguage\":\"en-CA\"}]}<\/script>\n<!-- \/ Yoast SEO plugin. -->","yoast_head_json":{"title":"Home - DC Management","description":"DC Management offers strategic support for companies in their transformation, ensuring performance and sustainability.","robots":{"index":"index","follow":"follow","max-snippet":"max-snippet:-1","max-image-preview":"max-image-preview:large","max-video-preview":"max-video-preview:-1"},"canonical":"https:\/\/dcmgmt.ca\/en\/","og_locale":"en_US","og_type":"article","og_title":"DC Management","og_description":"Transformer vos fa\u00e7ons de faire \u2013 Acc\u00e9l\u00e9rer vos r\u00e9sultats","og_url":"https:\/\/dcmgmt.ca\/en\/","og_site_name":"DC Management","article_modified_time":"2026-03-01T04:28:41+00:00","og_image":[{"width":1000,"height":300,"url":"https:\/\/dcmgmt.ca\/wp-content\/uploads\/2020\/02\/logo-principal.png","type":"image\/png"}],"twitter_card":"summary_large_image","twitter_misc":{"Est. reading time":"2 minutes"},"schema":{"@context":"https:\/\/schema.org","@graph":[{"@type":"WebPage","@id":"https:\/\/dcmgmt.ca\/","url":"https:\/\/dcmgmt.ca\/","name":"Home - DC Management","isPartOf":{"@id":"https:\/\/dcmgmt.ca\/#website"},"datePublished":"2020-01-19T22:36:15+00:00","dateModified":"2026-03-01T04:28:41+00:00","description":"DC Management offers strategic support for companies in their transformation, ensuring performance and sustainability.","breadcrumb":{"@id":"https:\/\/dcmgmt.ca\/#breadcrumb"},"inLanguage":"en-CA","potentialAction":[{"@type":"ReadAction","target":["https:\/\/dcmgmt.ca\/"]}]},{"@type":"BreadcrumbList","@id":"https:\/\/dcmgmt.ca\/#breadcrumb","itemListElement":[{"@type":"ListItem","position":1,"name":"Accueil","item":"https:\/\/dcmgmt.ca\/"},{"@type":"ListItem","position":2,"name":"Accueil"}]},{"@type":"WebSite","@id":"https:\/\/dcmgmt.ca\/#website","url":"https:\/\/dcmgmt.ca\/","name":"DC-Management","description":"Transform your ways of doing things - Accelerate your results","potentialAction":[{"@type":"SearchAction","target":{"@type":"EntryPoint","urlTemplate":"https:\/\/dcmgmt.ca\/?s={search_term_string}"},"query-input":{"@type":"PropertyValueSpecification","valueRequired":true,"valueName":"search_term_string"}}],"inLanguage":"en-CA"}]}},"_links":{"self":[{"href":"https:\/\/dcmgmt.ca\/en\/wp-json\/wp\/v2\/pages\/33","targetHints":{"allow":["GET"]}}],"collection":[{"href":"https:\/\/dcmgmt.ca\/en\/wp-json\/wp\/v2\/pages"}],"about":[{"href":"https:\/\/dcmgmt.ca\/en\/wp-json\/wp\/v2\/types\/page"}],"author":[{"embeddable":true,"href":"https:\/\/dcmgmt.ca\/en\/wp-json\/wp\/v2\/users\/3"}],"replies":[{"embeddable":true,"href":"https:\/\/dcmgmt.ca\/en\/wp-json\/wp\/v2\/comments?post=33"}],"version-history":[{"count":20,"href":"https:\/\/dcmgmt.ca\/en\/wp-json\/wp\/v2\/pages\/33\/revisions"}],"predecessor-version":[{"id":1237,"href":"https:\/\/dcmgmt.ca\/en\/wp-json\/wp\/v2\/pages\/33\/revisions\/1237"}],"wp:attachment":[{"href":"https:\/\/dcmgmt.ca\/en\/wp-json\/wp\/v2\/media?parent=33"}],"curies":[{"name":"wp","href":"https:\/\/api.w.org\/{rel}","templated":true}]}}