{"id":336,"date":"2020-01-29T18:13:35","date_gmt":"2020-01-29T23:13:35","guid":{"rendered":"https:\/\/dcmgmt.ca\/contactez-nous\/"},"modified":"2026-02-28T23:28:43","modified_gmt":"2026-03-01T04:28:43","slug":"contact","status":"publish","type":"page","link":"https:\/\/dcmgmt.ca\/en\/contact\/","title":{"rendered":"Shall we talk?"},"content":{"rendered":"<div class=\"et_pb_section_0 et_pb_section et_pb_fullwidth_section et_section_regular et_block_section et_pb_section_parallax\"><span class=\"et-pb-parallax-wrapper\"><span class=\"et-pb-parallax-background et-pb-parallax-background-module--divi-section-0\" style=\"background-image:url(https:\/\/dcmgmt.ca\/wp-content\/uploads\/2020\/01\/business_01.jpg)\"><\/span><\/span><section class=\"et_pb_fullwidth_header_0 et_pb_fullwidth_header et_pb_bg_layout_dark et_pb_text_align_center et_animated et_pb_module et_flex_module preset--module--divi-fullwidth-header--default\"><div class=\"et_pb_fullwidth_header_container center\"><div class=\"header-content-container center\"><div class=\"header-content et_flex_module\"><h1 class=\"et_pb_module_header\">Shall we talk?<\/h1><div class=\"et_pb_header_content_wrapper\"><p>Si vous avez besoin d'informations suppl\u00e9mentaires, n'h\u00e9sitez pas \u00e0 nous contacter<\/p>\n<\/div><div class=\"et_pb_header_button_wrapper\"><\/div><\/div><\/div><\/div><div class=\"et_pb_fullwidth_header_overlay\"><\/div><div class=\"et_pb_fullwidth_header_scroll\"><\/div><\/section><\/div><div class=\"et_pb_section_1 et_pb_section et_section_regular et_block_section\"><div class=\"et_pb_row_0 et_pb_row et_block_row\"><div class=\"et_pb_column_0 et_pb_column et_pb_column_4_4 et-last-child et_block_column et_pb_css_mix_blend_mode_passthrough\"><div class=\"et_pb_divider_0 et_pb_divider et_pb_space et_pb_divider_position_top et_animated et_pb_module\"><div class=\"et_pb_divider_internal\"><\/div><\/div><div class=\"et_pb_text_0 et_pb_text et_pb_bg_layout_light et_animated et_pb_module et_block_module et_pb_text_align_center\"><div class=\"et_pb_text_inner\"><h1>Contact us<\/h1>\n<\/div><\/div><div class=\"et_pb_text_1 et_pb_text et_pb_bg_layout_light et_animated et_pb_module et_block_module et_pb_text_align_center\"><div class=\"et_pb_text_inner\"><p>If you have questions or want to do business with us, here&#039;s how to reach us as soon as possible.<\/p>\n<\/div><\/div><\/div><\/div><div class=\"et_pb_row_1 et_pb_row et_block_row\"><div class=\"et_pb_column_1 et_pb_column et_pb_column_1_3 et_block_column et_pb_css_mix_blend_mode_passthrough\"><div class=\"et_pb_blurb_0 et_pb_blurb et_pb_bg_layout_light et_pb_text_align_center et_pb_blurb_position_top et_animated et_pb_module et_block_module\"><div class=\"et_pb_blurb_content\"><div class=\"et_pb_main_blurb_image\"><span class=\"et_pb_image_wrap\"><span class=\"et-pb-icon\">\ue081<\/span><\/span><\/div><div class=\"et_pb_blurb_container\"><h4 class=\"et_pb_module_header\">Address<\/h4><div class=\"et_pb_blurb_description\"><p>Quebec, Canada<\/p>\n<\/div><\/div><\/div><\/div><\/div><div class=\"et_pb_column_2 et_pb_column et_pb_column_1_3 et_block_column et_pb_css_mix_blend_mode_passthrough\"><div class=\"et_pb_blurb_1 et_pb_blurb et_pb_bg_layout_light et_pb_text_align_center et_pb_blurb_position_top et_animated et_pb_module et_block_module\"><div class=\"et_pb_blurb_content\"><div class=\"et_pb_main_blurb_image\"><span class=\"et_pb_image_wrap\"><span class=\"et-pb-icon\">\ue00b<\/span><\/span><\/div><div class=\"et_pb_blurb_container\"><h4 class=\"et_pb_module_header\">Telephone<\/h4><div class=\"et_pb_blurb_description\"><p>+1 <span>418 <\/span><span>877-7898<\/span><\/p>\n<\/div><\/div><\/div><\/div><\/div><div class=\"et_pb_column_3 et_pb_column et_pb_column_1_3 et-last-child et_block_column et_pb_css_mix_blend_mode_passthrough\"><div class=\"et_pb_blurb_2 et_pb_blurb et_pb_bg_layout_light et_pb_text_align_center et_pb_blurb_position_top et_animated et_pb_module et_block_module\"><div class=\"et_pb_blurb_content\"><div class=\"et_pb_main_blurb_image\"><span class=\"et_pb_image_wrap\"><span class=\"et-pb-icon\">\ue076<\/span><\/span><\/div><div class=\"et_pb_blurb_container\"><h4 class=\"et_pb_module_header\">E-mail<\/h4><div class=\"et_pb_blurb_description\"><p>info@dcmgmt.ca<\/p>\n<\/div><\/div><\/div><\/div><\/div><\/div><\/div><div class=\"et_pb_section_2 et_pb_section et_section_regular et_block_section\"><div class=\"et_pb_row_2 et_pb_row et_block_row\"><div class=\"et_pb_column_4 et_pb_column et_pb_column_4_4 et-last-child et_block_column et_pb_css_mix_blend_mode_passthrough\"><div class=\"et_pb_divider_1 et_pb_divider et_pb_space et_pb_divider_position_top et_animated et_pb_module\"><div class=\"et_pb_divider_internal\"><\/div><\/div><div class=\"et_pb_text_2 et_pb_text et_pb_bg_layout_light et_animated et_pb_module et_block_module et_pb_text_align_center\"><div class=\"et_pb_text_inner\"><h1>Send us a message<\/h1>\n<\/div><\/div><div class=\"et_pb_text_3 et_pb_text et_pb_bg_layout_light et_animated et_pb_module et_block_module et_pb_text_align_center\"><div class=\"et_pb_text_inner\"><p>Please enter all the necessary information so that we can process your request.<\/p>\n<\/div><\/div><\/div><\/div><div class=\"et_pb_row_3 et_pb_row et_block_row\"><div class=\"et_pb_column_5 et_pb_column et_pb_column_4_4 et-last-child et_block_column et_pb_css_mix_blend_mode_passthrough\"><div class=\"et_pb_contact_form_0 et_pb_contact_form_container clearfix et_pb_recaptcha_enabled et_animated et_pb_module et_flex_module\" data-form_unique_num=\"0\" data-form_unique_id=\"d238f9a3-10f1-489c-b9b7-ad4813a4ad4d\" id=\"et_pb_contact_form_1\"><div class=\"et-pb-contact-message\"><\/div><div class=\"et_pb_contact\"><form class=\"et_pb_contact_form et_flex_module\" method=\"post\" action=\"https:\/\/dcmgmt.ca\/en\/wp-json\/wp\/v2\/pages\/336\" data-trp-original-action=\"https:\/\/dcmgmt.ca\/en\/wp-json\/wp\/v2\/pages\/336\"><div class=\"et_pb_contact_field_0 et_pb_contact_field et_pb_module et_flex_module et_flex_column_12_24 et_flex_column_12_24_tablet et_flex_column_12_24_phone\" data-id=\"prenom\" data-type=\"input\"><label class=\"et_pb_contact_form_label\" for=\"et_pb_contact_0_prenom_0\">First name<\/label><input type=\"text\" name=\"et_pb_contact_0_prenom_0\" id=\"et_pb_contact_0_prenom_0\" class=\"input\" data-required_mark=\"required\" data-field_type=\"input\" data-original_id=\"prenom\" placeholder=\"First name\" title=\"\" value=\"\" \/><\/div><div class=\"et_pb_contact_field_1 et_pb_contact_field et_pb_module et_flex_module et_flex_column_12_24 et_flex_column_12_24_tablet et_flex_column_12_24_phone\" data-id=\"nom\" data-type=\"input\"><label class=\"et_pb_contact_form_label\" for=\"et_pb_contact_0_nom_1\">Last name<\/label><input type=\"text\" name=\"et_pb_contact_0_nom_1\" id=\"et_pb_contact_0_nom_1\" class=\"input\" data-required_mark=\"required\" data-field_type=\"input\" data-original_id=\"nom\" placeholder=\"Last name\" title=\"\" value=\"\" \/><\/div><div class=\"et_pb_contact_field_2 et_pb_contact_field et_pb_module et_flex_module et_flex_column_12_24 et_flex_column_12_24_tablet et_flex_column_12_24_phone\" data-id=\"entreprise\" data-type=\"input\"><label class=\"et_pb_contact_form_label\" for=\"et_pb_contact_0_entreprise_2\">Business<\/label><input type=\"text\" name=\"et_pb_contact_0_entreprise_2\" id=\"et_pb_contact_0_entreprise_2\" class=\"input\" data-required_mark=\"required\" data-field_type=\"input\" data-original_id=\"entreprise\" placeholder=\"Business\" title=\"\" value=\"\" \/><\/div><div class=\"et_pb_contact_field_3 et_pb_contact_field et_pb_module et_flex_module et_flex_column_12_24 et_flex_column_12_24_tablet et_flex_column_12_24_phone\" data-id=\"courriel\" data-type=\"email\"><label class=\"et_pb_contact_form_label\" for=\"et_pb_contact_0_courriel_3\">E-mail<\/label><input type=\"text\" name=\"et_pb_contact_0_courriel_3\" id=\"et_pb_contact_0_courriel_3\" class=\"input\" data-required_mark=\"required\" data-field_type=\"email\" data-original_id=\"courriel\" placeholder=\"E-mail\" title=\"\" value=\"\" \/><\/div><div class=\"et_pb_contact_field_4 et_pb_contact_field et_pb_module et_flex_module et_flex_column_24_24 et_flex_column_24_24_tablet et_flex_column_24_24_phone\" data-id=\"sujet\" data-type=\"select\"><label class=\"et_pb_contact_form_label\" for=\"et_pb_contact_0_sujet_4\">Subject<\/label><select name=\"et_pb_contact_0_sujet_4\" id=\"et_pb_contact_0_sujet_4\" class=\"et_pb_contact_select input\" data-required_mark=\"required\" data-field_type=\"select\" data-original_id=\"sujet\"><option value=\"\">Subject<\/option><option value=\"Accompagnement strat\u00e9gique en IA\" data-id=\"\">Strategic support in AI<\/option><option value=\"Conseil strat\u00e9gique\" data-id=\"\">Strategic Council<\/option><option value=\"Redressement de projets\" data-id=\"\">Turnaround of projects<\/option><option value=\"Am\u00e9lioration continue\" data-id=\"\">Continuous improvement<\/option><option value=\"Autres\" data-id=\"\">Others<\/option><\/select><\/div><div class=\"et_pb_contact_field_5 et_pb_contact_field et_pb_module et_flex_module et_flex_column_24_24 et_flex_column_24_24_tablet et_flex_column_24_24_phone\" data-id=\"message\" data-type=\"text\"><label class=\"et_pb_contact_form_label\" for=\"et_pb_contact_0_message_5\">Message<\/label><textarea name=\"et_pb_contact_0_message_5\" id=\"et_pb_contact_0_message_5\" class=\"et_pb_contact_message input\" data-required_mark=\"required\" data-field_type=\"text\" data-original_id=\"message\" placeholder=\"Message\"><\/textarea><\/div><input type=\"hidden\" name=\"et_pb_contactform_submit_d238f9a3-10f1-489c-b9b7-ad4813a4ad4d\" value=\"et_contact_proccess\" \/><div class=\"et_contact_bottom_container\"><div class=\"et_pb_button_wrapper\"><button type=\"submit\" name=\"et_builder_submit_button\" class=\"et_pb_button et_pb_contact_submit\">Send<\/button><\/div><\/div><input type=\"hidden\" id=\"_wpnonce-et-pb-contact-form-submitted-d238f9a3-10f1-489c-b9b7-ad4813a4ad4d\" name=\"_wpnonce-et-pb-contact-form-submitted-d238f9a3-10f1-489c-b9b7-ad4813a4ad4d\" value=\"6c0ae0aae8\" \/><input type=\"hidden\" name=\"_wp_http_referer\" value=\"\/en\/wp-json\/wp\/v2\/pages\/336\" \/><input type=\"hidden\" name=\"trp-form-language\" value=\"en\"\/><\/form><\/div><\/div><\/div><\/div><\/div>","protected":false},"excerpt":{"rendered":"","protected":false},"author":3,"featured_media":0,"parent":0,"menu_order":0,"comment_status":"closed","ping_status":"closed","template":"","meta":{"footnotes":""},"class_list":["post-336","page","type-page","status-publish","hentry"],"yoast_head":"<!-- This site is optimized with the Yoast SEO plugin v27.6 - https:\/\/yoast.com\/product\/yoast-seo-wordpress\/ -->\n<title>On discute? - DC Management<\/title>\n<meta name=\"description\" content=\"Contactez DC Management pour avoir plus de d\u00e9tail sur l&#039;offre de service propos\u00e9\" \/>\n<meta name=\"robots\" content=\"index, follow, max-snippet:-1, max-image-preview:large, max-video-preview:-1\" \/>\n<link rel=\"canonical\" href=\"https:\/\/dcmgmt.ca\/en\/contact\/\" \/>\n<meta property=\"og:locale\" content=\"en_US\" \/>\n<meta property=\"og:type\" content=\"article\" \/>\n<meta property=\"og:title\" content=\"On discute? - DC Management\" \/>\n<meta property=\"og:description\" content=\"Contactez DC Management pour avoir plus de d\u00e9tail sur l&#039;offre de service propos\u00e9\" \/>\n<meta property=\"og:url\" content=\"https:\/\/dcmgmt.ca\/en\/contact\/\" \/>\n<meta property=\"og:site_name\" content=\"DC Management\" \/>\n<meta property=\"article:modified_time\" content=\"2026-03-01T04:28:43+00:00\" \/>\n<meta name=\"twitter:card\" content=\"summary_large_image\" \/>\n<meta name=\"twitter:label1\" content=\"Est. reading time\" \/>\n\t<meta name=\"twitter:data1\" content=\"1 minute\" \/>\n<script type=\"application\/ld+json\" class=\"yoast-schema-graph\">{\"@context\":\"https:\\\/\\\/schema.org\",\"@graph\":[{\"@type\":\"WebPage\",\"@id\":\"https:\\\/\\\/dcmgmt.ca\\\/contact\\\/\",\"url\":\"https:\\\/\\\/dcmgmt.ca\\\/contact\\\/\",\"name\":\"On discute? - DC Management\",\"isPartOf\":{\"@id\":\"https:\\\/\\\/dcmgmt.ca\\\/#website\"},\"datePublished\":\"2020-01-29T23:13:35+00:00\",\"dateModified\":\"2026-03-01T04:28:43+00:00\",\"description\":\"Contactez DC Management pour avoir plus de d\u00e9tail sur l'offre de service propos\u00e9\",\"breadcrumb\":{\"@id\":\"https:\\\/\\\/dcmgmt.ca\\\/contact\\\/#breadcrumb\"},\"inLanguage\":\"en-CA\",\"potentialAction\":[{\"@type\":\"ReadAction\",\"target\":[\"https:\\\/\\\/dcmgmt.ca\\\/contact\\\/\"]}]},{\"@type\":\"BreadcrumbList\",\"@id\":\"https:\\\/\\\/dcmgmt.ca\\\/contact\\\/#breadcrumb\",\"itemListElement\":[{\"@type\":\"ListItem\",\"position\":1,\"name\":\"Accueil\",\"item\":\"https:\\\/\\\/dcmgmt.ca\\\/\"},{\"@type\":\"ListItem\",\"position\":2,\"name\":\"On discute?\"}]},{\"@type\":\"WebSite\",\"@id\":\"https:\\\/\\\/dcmgmt.ca\\\/#website\",\"url\":\"https:\\\/\\\/dcmgmt.ca\\\/\",\"name\":\"DC Management\",\"description\":\"Transformer vos fa\u00e7ons de faire - Acc\u00e9l\u00e9rer vos r\u00e9sultats\",\"potentialAction\":[{\"@type\":\"SearchAction\",\"target\":{\"@type\":\"EntryPoint\",\"urlTemplate\":\"https:\\\/\\\/dcmgmt.ca\\\/?s={search_term_string}\"},\"query-input\":{\"@type\":\"PropertyValueSpecification\",\"valueRequired\":true,\"valueName\":\"search_term_string\"}}],\"inLanguage\":\"en-CA\"}]}<\/script>\n<!-- \/ Yoast SEO plugin. -->","yoast_head_json":{"title":"Shall we talk? - DC Management","description":"Contact DC Management for more details on the service offered.","robots":{"index":"index","follow":"follow","max-snippet":"max-snippet:-1","max-image-preview":"max-image-preview:large","max-video-preview":"max-video-preview:-1"},"canonical":"https:\/\/dcmgmt.ca\/en\/contact\/","og_locale":"en_US","og_type":"article","og_title":"On discute? - DC Management","og_description":"Contactez DC Management pour avoir plus de d\u00e9tail sur l'offre de service propos\u00e9","og_url":"https:\/\/dcmgmt.ca\/en\/contact\/","og_site_name":"DC Management","article_modified_time":"2026-03-01T04:28:43+00:00","twitter_card":"summary_large_image","twitter_misc":{"Est. reading time":"1 minute"},"schema":{"@context":"https:\/\/schema.org","@graph":[{"@type":"WebPage","@id":"https:\/\/dcmgmt.ca\/contact\/","url":"https:\/\/dcmgmt.ca\/contact\/","name":"Shall we talk? - DC Management","isPartOf":{"@id":"https:\/\/dcmgmt.ca\/#website"},"datePublished":"2020-01-29T23:13:35+00:00","dateModified":"2026-03-01T04:28:43+00:00","description":"Contact DC Management for more details on the service offered.","breadcrumb":{"@id":"https:\/\/dcmgmt.ca\/contact\/#breadcrumb"},"inLanguage":"en-CA","potentialAction":[{"@type":"ReadAction","target":["https:\/\/dcmgmt.ca\/contact\/"]}]},{"@type":"BreadcrumbList","@id":"https:\/\/dcmgmt.ca\/contact\/#breadcrumb","itemListElement":[{"@type":"ListItem","position":1,"name":"Accueil","item":"https:\/\/dcmgmt.ca\/"},{"@type":"ListItem","position":2,"name":"On discute?"}]},{"@type":"WebSite","@id":"https:\/\/dcmgmt.ca\/#website","url":"https:\/\/dcmgmt.ca\/","name":"DC-Management","description":"Transform your ways of doing things - Accelerate your results","potentialAction":[{"@type":"SearchAction","target":{"@type":"EntryPoint","urlTemplate":"https:\/\/dcmgmt.ca\/?s={search_term_string}"},"query-input":{"@type":"PropertyValueSpecification","valueRequired":true,"valueName":"search_term_string"}}],"inLanguage":"en-CA"}]}},"_links":{"self":[{"href":"https:\/\/dcmgmt.ca\/en\/wp-json\/wp\/v2\/pages\/336","targetHints":{"allow":["GET"]}}],"collection":[{"href":"https:\/\/dcmgmt.ca\/en\/wp-json\/wp\/v2\/pages"}],"about":[{"href":"https:\/\/dcmgmt.ca\/en\/wp-json\/wp\/v2\/types\/page"}],"author":[{"embeddable":true,"href":"https:\/\/dcmgmt.ca\/en\/wp-json\/wp\/v2\/users\/3"}],"replies":[{"embeddable":true,"href":"https:\/\/dcmgmt.ca\/en\/wp-json\/wp\/v2\/comments?post=336"}],"version-history":[{"count":20,"href":"https:\/\/dcmgmt.ca\/en\/wp-json\/wp\/v2\/pages\/336\/revisions"}],"predecessor-version":[{"id":1239,"href":"https:\/\/dcmgmt.ca\/en\/wp-json\/wp\/v2\/pages\/336\/revisions\/1239"}],"wp:attachment":[{"href":"https:\/\/dcmgmt.ca\/en\/wp-json\/wp\/v2\/media?parent=336"}],"curies":[{"name":"wp","href":"https:\/\/api.w.org\/{rel}","templated":true}]}}