{"id":832,"date":"2022-11-29T00:04:10","date_gmt":"2022-11-29T05:04:10","guid":{"rendered":"https:\/\/dcmgmt.ca\/?page_id=832"},"modified":"2026-02-28T23:28:44","modified_gmt":"2026-03-01T04:28:44","slug":"about","status":"publish","type":"page","link":"https:\/\/dcmgmt.ca\/en\/a-propos\/","title":{"rendered":"About"},"content":{"rendered":"<div class=\"et_pb_section_0 et_pb_section et_pb_fullwidth_section et_section_regular et_block_section et_pb_section_parallax\"><span class=\"et-pb-parallax-wrapper\"><span class=\"et-pb-parallax-background et-pb-parallax-background-module--divi-section-0\" style=\"background-image:url(https:\/\/dcmgmt.ca\/wp-content\/uploads\/2020\/01\/business-07.jpg)\"><\/span><\/span><section class=\"et_pb_fullwidth_header_0 et_pb_fullwidth_header et_pb_bg_layout_dark et_pb_text_align_center et_animated et_pb_module et_flex_module preset--module--divi-fullwidth-header--default\"><div class=\"et_pb_fullwidth_header_container center\"><div class=\"header-content-container center\"><div class=\"header-content et_flex_module\"><h1 class=\"et_pb_module_header\">About<\/h1><div class=\"et_pb_header_button_wrapper\"><\/div><\/div><\/div><\/div><div class=\"et_pb_fullwidth_header_overlay\"><\/div><div class=\"et_pb_fullwidth_header_scroll\"><\/div><\/section><\/div><div class=\"et_pb_section_1 et_pb_section et_section_regular et_block_section\"><div class=\"et_pb_row_0 et_pb_row et_block_row\"><div class=\"et_pb_column_0 et_pb_column et_pb_column_4_4 et-last-child et_block_column et_pb_css_mix_blend_mode_passthrough\"><div class=\"et_pb_divider_0 et_pb_divider et_pb_space et_pb_divider_position_top et_animated et_pb_module\"><div class=\"et_pb_divider_internal\"><\/div><\/div><div class=\"et_pb_text_0 et_pb_text et_pb_bg_layout_light et_animated et_pb_module et_block_module et_pb_text_align_center\"><div class=\"et_pb_text_inner\"><h1>Commitment<\/h1>\n<\/div><\/div><div class=\"et_pb_text_1 et_pb_text et_pb_bg_layout_light et_animated et_pb_module et_block_module et_pb_text_align_center\"><div class=\"et_pb_text_inner\"><p>Je m'engage \u00e0 aider les grandes organisations \u00e0 red\u00e9finir leurs projets complexes gr\u00e2ce \u00e0 des approches innovantes, une gouvernance solide, et une vision claire, pour garantir leur succ\u00e8s et p\u00e9rennit\u00e9.<\/p>\n<\/div><\/div><\/div><\/div><\/div><div class=\"et_pb_section_2 et_pb_section et_section_regular et_block_section\"><div class=\"et_pb_row_1 et_pb_row et_block_row\"><div class=\"et_pb_column_1 et_pb_column et_pb_column_4_4 et-last-child et_block_column et_pb_css_mix_blend_mode_passthrough\"><div class=\"et_pb_divider_1 et_pb_divider et_pb_space et_pb_divider_position_top et_animated et_pb_module\"><div class=\"et_pb_divider_internal\"><\/div><\/div><div class=\"et_pb_text_2 et_pb_text et_pb_bg_layout_light et_animated et_pb_module et_block_module et_pb_text_align_center\"><div class=\"et_pb_text_inner\"><h1>Strategic leadership<\/h1>\n<\/div><\/div><div class=\"et_pb_text_3 et_pb_text et_pb_bg_layout_light et_animated et_pb_module et_block_module et_pb_text_align_center\"><div class=\"et_pb_text_inner\"><p data-start=\"97\" data-end=\"612\" class=\"\">A seasoned strategic advisor, Dominique graduated with a master&#039;s degree in project management from the Universit\u00e9 du Qu\u00e9bec \u00e0 Rimouski in 2018, and has been at the helm of DC Management since 2017. What he&#039;s passionate about is the art of transforming chaos into clarity. With over 20 years of experience in project management, he intervenes where organizations lose their footing: complex projects, unclear governance, unsustainable deadlines... He comes on stage with his sleeves rolled up, ready to move mountains, one shovelful at a time.<\/p>\n<p data-start=\"614\" data-end=\"915\" class=\"\">Dominique supports organizations in their digital and structural transformations, with an approach that combines strategic rigor and human agility. He doesn&#039;t sell miracles; he builds lasting successes with what&#039;s already in place, without ever needlessly reinventing the wheel.<\/p>\n<p data-start=\"917\" data-end=\"1187\" class=\"\">We call on him when we need more than just a manager: a unifying leader, an impartial eye, a trusted partner. His strength? Reading between the lines, understanding internal dynamics, bringing everyone together around a clear vision... Simplifying and delivering.<\/p>\n<p data-start=\"1189\" data-end=\"1283\" class=\"\">Because for Dominique, reaching the target is more than just a goal\u2014it&#039;s a shared pride.<\/p>\n<\/div><\/div><\/div><\/div><div class=\"et_pb_row_2 et_pb_row et_pb_gutters2 et_block_row\"><div class=\"et_pb_column_2 et_pb_column et_pb_column_1_3 et_block_column et_pb_column_empty et_pb_css_mix_blend_mode_passthrough\"><\/div><div class=\"et_pb_column_3 et_pb_column et_pb_column_1_3 et_block_column et_pb_css_mix_blend_mode_passthrough\"><div class=\"et_pb_team_member_0 et_pb_team_member et_pb_bg_layout_light et_pb_text_align_center et_animated et_pb_module et_block_module\"><div class=\"et_pb_team_member_image et-waypoint et_pb_animation_off\"><img loading=\"lazy\" decoding=\"async\" src=\"https:\/\/dcmgmt.ca\/wp-content\/uploads\/2025\/04\/Buste.jpg\" alt=\"Dominique C\u00f4t\u00e9\" width=\"343\" height=\"468\" srcset=\"https:\/\/dcmgmt.ca\/wp-content\/uploads\/2025\/04\/Buste.jpg 343w, https:\/\/dcmgmt.ca\/wp-content\/uploads\/2025\/04\/Buste-220x300.jpg 220w, https:\/\/dcmgmt.ca\/wp-content\/uploads\/2025\/04\/Buste-9x12.jpg 9w\" sizes=\"(max-width: 343px) 100vw, 343px\" class=\"wp-image-911\" \/><\/div><div class=\"et_pb_team_member_description\"><h4 class=\"et_pb_module_header\">Dominique C\u00f4t\u00e9<\/h4><p class=\"et_pb_member_position\">Leader in project management and strategic governance<\/p><ul class=\"et_pb_member_social_links\"><li><a href=\"https:\/\/www.linkedin.com\/in\/dominique-c%C3%B4t%C3%A9-mgp-905bb346\/\" class=\"et_pb_font_icon et_pb_linkedin_icon\" title=\"LinkedIn\"><span>LinkedIn<\/span><\/a><\/li><\/ul><\/div><\/div><\/div><div class=\"et_pb_column_4 et_pb_column et_pb_column_1_3 et-last-child et_block_column et_pb_column_empty et_pb_css_mix_blend_mode_passthrough\"><\/div><\/div><\/div>","protected":false},"excerpt":{"rendered":"","protected":false},"author":3,"featured_media":0,"parent":0,"menu_order":0,"comment_status":"closed","ping_status":"closed","template":"","meta":{"footnotes":""},"class_list":["post-832","page","type-page","status-publish","hentry"],"yoast_head":"<!-- This site is optimized with the Yoast SEO plugin v27.5 - https:\/\/yoast.com\/product\/yoast-seo-wordpress\/ -->\n<title>\u00c0 propos - DC Management<\/title>\n<meta name=\"description\" content=\"Dominique C\u00f4t\u00e9, fondateur de DC Management, expert reconnu en gestion de projets, en gouvernance et en transformation organisationnelle.\" \/>\n<meta name=\"robots\" content=\"index, follow, max-snippet:-1, max-image-preview:large, max-video-preview:-1\" \/>\n<link rel=\"canonical\" href=\"https:\/\/dcmgmt.ca\/en\/about\/\" \/>\n<meta property=\"og:locale\" content=\"en_US\" \/>\n<meta property=\"og:type\" content=\"article\" \/>\n<meta property=\"og:title\" content=\"\u00c0 propos - DC Management\" \/>\n<meta property=\"og:description\" content=\"Dominique C\u00f4t\u00e9, fondateur de DC Management, expert reconnu en gestion de projets, en gouvernance et en transformation organisationnelle.\" \/>\n<meta property=\"og:url\" content=\"https:\/\/dcmgmt.ca\/en\/about\/\" \/>\n<meta property=\"og:site_name\" content=\"DC Management\" \/>\n<meta property=\"article:modified_time\" content=\"2026-03-01T04:28:44+00:00\" \/>\n<meta name=\"twitter:card\" content=\"summary_large_image\" \/>\n<meta name=\"twitter:label1\" content=\"Est. reading time\" \/>\n\t<meta name=\"twitter:data1\" content=\"2 minutes\" \/>\n<script type=\"application\/ld+json\" class=\"yoast-schema-graph\">{\"@context\":\"https:\\\/\\\/schema.org\",\"@graph\":[{\"@type\":[\"WebPage\",\"AboutPage\"],\"@id\":\"https:\\\/\\\/dcmgmt.ca\\\/a-propos\\\/\",\"url\":\"https:\\\/\\\/dcmgmt.ca\\\/a-propos\\\/\",\"name\":\"\u00c0 propos - DC Management\",\"isPartOf\":{\"@id\":\"https:\\\/\\\/dcmgmt.ca\\\/#website\"},\"datePublished\":\"2022-11-29T05:04:10+00:00\",\"dateModified\":\"2026-03-01T04:28:44+00:00\",\"description\":\"Dominique C\u00f4t\u00e9, fondateur de DC Management, expert reconnu en gestion de projets, en gouvernance et en transformation organisationnelle.\",\"breadcrumb\":{\"@id\":\"https:\\\/\\\/dcmgmt.ca\\\/a-propos\\\/#breadcrumb\"},\"inLanguage\":\"en-CA\",\"potentialAction\":[{\"@type\":\"ReadAction\",\"target\":[\"https:\\\/\\\/dcmgmt.ca\\\/a-propos\\\/\"]}]},{\"@type\":\"BreadcrumbList\",\"@id\":\"https:\\\/\\\/dcmgmt.ca\\\/a-propos\\\/#breadcrumb\",\"itemListElement\":[{\"@type\":\"ListItem\",\"position\":1,\"name\":\"Accueil\",\"item\":\"https:\\\/\\\/dcmgmt.ca\\\/\"},{\"@type\":\"ListItem\",\"position\":2,\"name\":\"\u00c0 propos\"}]},{\"@type\":\"WebSite\",\"@id\":\"https:\\\/\\\/dcmgmt.ca\\\/#website\",\"url\":\"https:\\\/\\\/dcmgmt.ca\\\/\",\"name\":\"DC Management\",\"description\":\"Transformer vos fa\u00e7ons de faire - Acc\u00e9l\u00e9rer vos r\u00e9sultats\",\"potentialAction\":[{\"@type\":\"SearchAction\",\"target\":{\"@type\":\"EntryPoint\",\"urlTemplate\":\"https:\\\/\\\/dcmgmt.ca\\\/?s={search_term_string}\"},\"query-input\":{\"@type\":\"PropertyValueSpecification\",\"valueRequired\":true,\"valueName\":\"search_term_string\"}}],\"inLanguage\":\"en-CA\"}]}<\/script>\n<!-- \/ Yoast SEO plugin. -->","yoast_head_json":{"title":"About - DC Management","description":"Dominique C\u00f4t\u00e9, founder of DC Management, recognized expert in project management, governance and organizational transformation.","robots":{"index":"index","follow":"follow","max-snippet":"max-snippet:-1","max-image-preview":"max-image-preview:large","max-video-preview":"max-video-preview:-1"},"canonical":"https:\/\/dcmgmt.ca\/en\/about\/","og_locale":"en_US","og_type":"article","og_title":"\u00c0 propos - DC Management","og_description":"Dominique C\u00f4t\u00e9, fondateur de DC Management, expert reconnu en gestion de projets, en gouvernance et en transformation organisationnelle.","og_url":"https:\/\/dcmgmt.ca\/en\/about\/","og_site_name":"DC Management","article_modified_time":"2026-03-01T04:28:44+00:00","twitter_card":"summary_large_image","twitter_misc":{"Est. reading time":"2 minutes"},"schema":{"@context":"https:\/\/schema.org","@graph":[{"@type":["WebPage","AboutPage"],"@id":"https:\/\/dcmgmt.ca\/a-propos\/","url":"https:\/\/dcmgmt.ca\/a-propos\/","name":"About - DC Management","isPartOf":{"@id":"https:\/\/dcmgmt.ca\/#website"},"datePublished":"2022-11-29T05:04:10+00:00","dateModified":"2026-03-01T04:28:44+00:00","description":"Dominique C\u00f4t\u00e9, founder of DC Management, recognized expert in project management, governance and organizational transformation.","breadcrumb":{"@id":"https:\/\/dcmgmt.ca\/a-propos\/#breadcrumb"},"inLanguage":"en-CA","potentialAction":[{"@type":"ReadAction","target":["https:\/\/dcmgmt.ca\/a-propos\/"]}]},{"@type":"BreadcrumbList","@id":"https:\/\/dcmgmt.ca\/a-propos\/#breadcrumb","itemListElement":[{"@type":"ListItem","position":1,"name":"Accueil","item":"https:\/\/dcmgmt.ca\/"},{"@type":"ListItem","position":2,"name":"\u00c0 propos"}]},{"@type":"WebSite","@id":"https:\/\/dcmgmt.ca\/#website","url":"https:\/\/dcmgmt.ca\/","name":"DC-Management","description":"Transform your ways of doing things - Accelerate your results","potentialAction":[{"@type":"SearchAction","target":{"@type":"EntryPoint","urlTemplate":"https:\/\/dcmgmt.ca\/?s={search_term_string}"},"query-input":{"@type":"PropertyValueSpecification","valueRequired":true,"valueName":"search_term_string"}}],"inLanguage":"en-CA"}]}},"_links":{"self":[{"href":"https:\/\/dcmgmt.ca\/en\/wp-json\/wp\/v2\/pages\/832","targetHints":{"allow":["GET"]}}],"collection":[{"href":"https:\/\/dcmgmt.ca\/en\/wp-json\/wp\/v2\/pages"}],"about":[{"href":"https:\/\/dcmgmt.ca\/en\/wp-json\/wp\/v2\/types\/page"}],"author":[{"embeddable":true,"href":"https:\/\/dcmgmt.ca\/en\/wp-json\/wp\/v2\/users\/3"}],"replies":[{"embeddable":true,"href":"https:\/\/dcmgmt.ca\/en\/wp-json\/wp\/v2\/comments?post=832"}],"version-history":[{"count":17,"href":"https:\/\/dcmgmt.ca\/en\/wp-json\/wp\/v2\/pages\/832\/revisions"}],"predecessor-version":[{"id":1240,"href":"https:\/\/dcmgmt.ca\/en\/wp-json\/wp\/v2\/pages\/832\/revisions\/1240"}],"wp:attachment":[{"href":"https:\/\/dcmgmt.ca\/en\/wp-json\/wp\/v2\/media?parent=832"}],"curies":[{"name":"wp","href":"https:\/\/api.w.org\/{rel}","templated":true}]}}